{"id":1046,"date":"2018-02-28T11:39:04","date_gmt":"2018-02-28T16:39:04","guid":{"rendered":"http:\/\/periomontreal.com\/?page_id=1046"},"modified":"2018-06-27T10:17:38","modified_gmt":"2018-06-27T14:17:38","slug":"prendre-rendez-vous","status":"publish","type":"page","link":"https:\/\/periomontreal.com\/fr\/prendre-rendez-vous\/","title":{"rendered":"Prendre rendez-vous"},"content":{"rendered":"\n<div class=\"wpcf7 no-js\" id=\"wpcf7-f1045-o1\" lang=\"en-US\" dir=\"ltr\" data-wpcf7-id=\"1045\">\n<div class=\"screen-reader-response\"><p role=\"status\" aria-live=\"polite\" aria-atomic=\"true\"><\/p> <ul><\/ul><\/div>\n<form action=\"\/fr\/wp-json\/wp\/v2\/pages\/1046#wpcf7-f1045-o1\" method=\"post\" class=\"wpcf7-form init\" aria-label=\"Contact form\" novalidate=\"novalidate\" data-status=\"init\">\n<fieldset class=\"hidden-fields-container\"><input type=\"hidden\" name=\"_wpcf7\" value=\"1045\" \/><input type=\"hidden\" name=\"_wpcf7_version\" value=\"6.1.5\" \/><input type=\"hidden\" name=\"_wpcf7_locale\" value=\"en_US\" \/><input type=\"hidden\" name=\"_wpcf7_unit_tag\" value=\"wpcf7-f1045-o1\" \/><input type=\"hidden\" name=\"_wpcf7_container_post\" value=\"0\" \/><input type=\"hidden\" name=\"_wpcf7_posted_data_hash\" value=\"\" \/>\n<\/fieldset>\n<div class=\"appointment-form\">\n\t<p><span id=\"wpcf7-69ea42866b76c-wrapper\" class=\"wpcf7-form-control-wrap website-wrap\" style=\"display:none !important; visibility:hidden !important;\"><input type=\"hidden\" name=\"website-time-start\" value=\"1776960134\"><input type=\"hidden\" name=\"website-time-check\" value=\"8\"><label for=\"wpcf7-69ea42866b76c-field\" class=\"hp-message\">Please leave this field empty.<\/label><input id=\"wpcf7-69ea42866b76c-field\"  class=\"wpcf7-form-control wpcf7-text\" type=\"text\" name=\"website\" value=\"\" size=\"40\" tabindex=\"-1\" autocomplete=\"new-password\" \/><\/span><br \/>\n<label> Votre nom <span class=\"wpcf7-form-control-wrap\" data-name=\"your-name\"><input size=\"40\" maxlength=\"400\" class=\"wpcf7-form-control wpcf7-text wpcf7-validates-as-required\" aria-required=\"true\" aria-invalid=\"false\" value=\"\" type=\"text\" name=\"your-name\" \/><\/span> <\/label>\n\t<\/p>\n\t<p><label> Votre courriel <span class=\"wpcf7-form-control-wrap\" data-name=\"your-email\"><input size=\"40\" maxlength=\"400\" class=\"wpcf7-form-control wpcf7-email wpcf7-text wpcf7-validates-as-email\" aria-invalid=\"false\" value=\"\" type=\"email\" name=\"your-email\" \/><\/span> <\/label>\n\t<\/p>\n\t<p><label> Num\u00e9ro de t\u00e9l\u00e9phone <span class=\"wpcf7-form-control-wrap\" data-name=\"telephone-number\"><input size=\"40\" maxlength=\"400\" class=\"wpcf7-form-control wpcf7-tel wpcf7-validates-as-required wpcf7-text wpcf7-validates-as-tel\" aria-required=\"true\" aria-invalid=\"false\" value=\"\" type=\"tel\" name=\"telephone-number\" \/><\/span> <\/label>\n\t<\/p>\n\t<p>Jours de la semaine pr\u00e9f\u00e9r\u00e9s<br \/>\n<span class=\"wpcf7-form-control-wrap\" data-name=\"preferred-days\"><span class=\"wpcf7-form-control wpcf7-checkbox\"><span class=\"wpcf7-list-item first\"><label><input type=\"checkbox\" name=\"preferred-days[]\" value=\"Lundi\" \/><span class=\"wpcf7-list-item-label\">Lundi<\/span><\/label><\/span><span class=\"wpcf7-list-item\"><label><input type=\"checkbox\" name=\"preferred-days[]\" value=\"Mardi\" \/><span class=\"wpcf7-list-item-label\">Mardi<\/span><\/label><\/span><span class=\"wpcf7-list-item\"><label><input type=\"checkbox\" name=\"preferred-days[]\" value=\"Mercredi\" \/><span class=\"wpcf7-list-item-label\">Mercredi<\/span><\/label><\/span><span class=\"wpcf7-list-item\"><label><input type=\"checkbox\" name=\"preferred-days[]\" value=\"Jeudi\" \/><span class=\"wpcf7-list-item-label\">Jeudi<\/span><\/label><\/span><span class=\"wpcf7-list-item last\"><label><input type=\"checkbox\" name=\"preferred-days[]\" value=\"Vendredi\" \/><span class=\"wpcf7-list-item-label\">Vendredi<\/span><\/label><\/span><\/span><\/span>\n\t<\/p>\n\t<p>Heure pr\u00e9f\u00e9r\u00e9e<br \/>\n<span class=\"wpcf7-form-control-wrap\" data-name=\"preferred-time\"><span class=\"wpcf7-form-control wpcf7-checkbox\"><span class=\"wpcf7-list-item first\"><label><input type=\"checkbox\" name=\"preferred-time[]\" value=\"Matin\" \/><span class=\"wpcf7-list-item-label\">Matin<\/span><\/label><\/span><span class=\"wpcf7-list-item last\"><label><input type=\"checkbox\" name=\"preferred-time[]\" value=\"Apr\u00e8s midi\" \/><span class=\"wpcf7-list-item-label\">Apr\u00e8s midi<\/span><\/label><\/span><\/span><\/span>\n\t<\/p>\n\t<p><label> Nom du dentiste r\u00e9f\u00e9rent (le cas \u00e9ch\u00e9ant) <span class=\"wpcf7-form-control-wrap\" data-name=\"referring-dentist\"><input size=\"40\" maxlength=\"400\" class=\"wpcf7-form-control wpcf7-text\" aria-invalid=\"false\" value=\"\" type=\"text\" name=\"referring-dentist\" \/><\/span> <\/label>\n\t<\/p>\n\t<p><label> Raison de visite <span class=\"wpcf7-form-control-wrap\" data-name=\"reason-for-visit\"><input size=\"40\" maxlength=\"400\" class=\"wpcf7-form-control wpcf7-text\" aria-invalid=\"false\" value=\"\" type=\"text\" name=\"reason-for-visit\" \/><\/span> <\/label>\n\t<\/p>\n\t<p><label> D\u00e9tails suppl\u00e9mentaires <span class=\"wpcf7-form-control-wrap\" data-name=\"your-message\"><textarea cols=\"40\" rows=\"10\" maxlength=\"2000\" class=\"wpcf7-form-control wpcf7-textarea\" aria-invalid=\"false\" name=\"your-message\"><\/textarea><\/span> <\/label>\n\t<\/p>\n\t<p><input class=\"wpcf7-form-control wpcf7-submit has-spinner\" type=\"submit\" value=\"Soumettre\" \/>\n\t<\/p>\n<\/div><div class=\"wpcf7-response-output\" aria-hidden=\"true\"><\/div>\n<\/form>\n<\/div>\n\n<style>\n.site-tagline { display: none; }\n.site-inner { padding-top: 70px; }\n<\/style>\n<p><script>\n   var submitbutton = document.getElementsByClassName(\"wpcf7-submit\")[0];\n   submitbutton.addEventListener(\"click\", function(e) {\n       var tracker = ga.getAll()[0];\n       tracker.send('event', 'periomontreal', 'bookAnAppointmentSubmitFR');  \n       console.log(\"Book an Appointment\");\n   }, false);\n<\/script><\/p>\n","protected":false},"excerpt":{"rendered":"","protected":false},"author":2,"featured_media":0,"parent":0,"menu_order":0,"comment_status":"closed","ping_status":"closed","template":"","meta":{"_genesis_hide_title":false,"_genesis_hide_breadcrumbs":false,"_genesis_hide_singular_image":false,"_genesis_hide_footer_widgets":false,"_genesis_custom_body_class":"","_genesis_custom_post_class":"","_genesis_layout":"","footnotes":""},"class_list":{"0":"post-1046","1":"page","2":"type-page","3":"status-publish","5":"entry"},"_links":{"self":[{"href":"https:\/\/periomontreal.com\/fr\/wp-json\/wp\/v2\/pages\/1046","targetHints":{"allow":["GET"]}}],"collection":[{"href":"https:\/\/periomontreal.com\/fr\/wp-json\/wp\/v2\/pages"}],"about":[{"href":"https:\/\/periomontreal.com\/fr\/wp-json\/wp\/v2\/types\/page"}],"author":[{"embeddable":true,"href":"https:\/\/periomontreal.com\/fr\/wp-json\/wp\/v2\/users\/2"}],"replies":[{"embeddable":true,"href":"https:\/\/periomontreal.com\/fr\/wp-json\/wp\/v2\/comments?post=1046"}],"version-history":[{"count":4,"href":"https:\/\/periomontreal.com\/fr\/wp-json\/wp\/v2\/pages\/1046\/revisions"}],"predecessor-version":[{"id":1111,"href":"https:\/\/periomontreal.com\/fr\/wp-json\/wp\/v2\/pages\/1046\/revisions\/1111"}],"wp:attachment":[{"href":"https:\/\/periomontreal.com\/fr\/wp-json\/wp\/v2\/media?parent=1046"}],"curies":[{"name":"wp","href":"https:\/\/api.w.org\/{rel}","templated":true}]}}