{"id":1409,"date":"2022-12-05T17:22:46","date_gmt":"2022-12-05T22:22:46","guid":{"rendered":"http:\/\/periomontreal.com\/notre-pratique\/dr-edward-h-trinh\/"},"modified":"2025-11-07T09:13:41","modified_gmt":"2025-11-07T14:13:41","slug":"dr-edward-h-trinh","status":"publish","type":"page","link":"https:\/\/periomontreal.com\/fr\/notre-pratique\/dr-edward-h-trinh\/","title":{"rendered":"Dr. Edward H. Trinh"},"content":{"rendered":"<h5><img loading=\"lazy\" decoding=\"async\" class=\"alignleft wp-image-1244 size-medium\" title=\"Mel\" src=\"http:\/\/periomontreal.com\/wp-content\/uploads\/2022\/12\/IMG_1732_1-225x300.jpg\" alt=\"\" width=\"225\" height=\"300\" srcset=\"https:\/\/periomontreal.com\/wp-content\/uploads\/2022\/12\/IMG_1732_1-225x300.jpg 225w, https:\/\/periomontreal.com\/wp-content\/uploads\/2022\/12\/IMG_1732_1-768x1024.jpg 768w\" sizes=\"auto, (max-width: 225px) 100vw, 225px\" \/>\u201cUne belle vie commence par un beau sourire.<br \/>\nUn beau sourire commence par une base saine.\u201d<\/h5>\n<p>Dr E.H. Trinh est un dentiste passionn\u00e9 qui s&rsquo;engage \u00e0 aider ses patients \u00e0 \u00eatre fiers de leur sant\u00e9 bucco-dentaire et de leurs beaux sourires uniques. Il priorise l\u2019\u00e9coute de ses patients afin d\u2019assurer une approche multidisciplinaire compl\u00e8te personnalis\u00e9e \u00e0 chaque cas complexe.<\/p>\n<p>Dr Trinh construit chaque sourire heureux sur une base solide en travaillant avec d&rsquo;autres jeunes dentistes et sp\u00e9cialistes. Son enthousiasme et son expertise pour les chirurgies de tissus mous, de greffes osseuses et d\u2019implants dentaires lui permettent de fournir des soins fondamentaux de haute qualit\u00e9.<\/p>\n<p>Dr Trinh est dipl\u00f4m\u00e9, charg\u00e9 de cours et superviseur en clinique de la Facult\u00e9 de m\u00e9decine dentaire de l&rsquo;Universit\u00e9 McGill. Il a compl\u00e9t\u00e9 sa ma\u00eetrise en parodontie \u00e0 l&rsquo;Universit\u00e9 Laval pour s&rsquo;accr\u00e9diter en tant que sp\u00e9cialiste certifi\u00e9. Il a obtenu son titre de Fellow-\u00e9lu du Coll\u00e8ge royal des dentistes du Canada dans la sp\u00e9cialit\u00e9 de la parodontie.<\/p>\n<p>Hors de la m\u00e9decine dentaire, Dr Trinh est un fanatique d&rsquo;escalade et de bateau-dragon, et un chef cuisinier amateur auto-proclam\u00e9.<\/p>\n","protected":false},"excerpt":{"rendered":"<p>\u201cUne belle vie commence par un beau sourire. Un beau sourire commence par une base saine.\u201d Dr E.H. Trinh est un dentiste passionn\u00e9 qui s&rsquo;engage \u00e0 aider ses patients \u00e0 \u00eatre fiers de leur sant\u00e9 bucco-dentaire et de leurs beaux sourires uniques. Il priorise l\u2019\u00e9coute de ses patients afin d\u2019assurer une approche multidisciplinaire compl\u00e8te personnalis\u00e9e [&hellip;]<\/p>\n","protected":false},"author":6,"featured_media":0,"parent":429,"menu_order":3,"comment_status":"closed","ping_status":"closed","template":"","meta":{"_genesis_hide_title":false,"_genesis_hide_breadcrumbs":false,"_genesis_hide_singular_image":false,"_genesis_hide_footer_widgets":false,"_genesis_custom_body_class":"","_genesis_custom_post_class":"","_genesis_layout":"","footnotes":""},"class_list":{"0":"post-1409","1":"page","2":"type-page","3":"status-publish","5":"entry"},"_links":{"self":[{"href":"https:\/\/periomontreal.com\/fr\/wp-json\/wp\/v2\/pages\/1409","targetHints":{"allow":["GET"]}}],"collection":[{"href":"https:\/\/periomontreal.com\/fr\/wp-json\/wp\/v2\/pages"}],"about":[{"href":"https:\/\/periomontreal.com\/fr\/wp-json\/wp\/v2\/types\/page"}],"author":[{"embeddable":true,"href":"https:\/\/periomontreal.com\/fr\/wp-json\/wp\/v2\/users\/6"}],"replies":[{"embeddable":true,"href":"https:\/\/periomontreal.com\/fr\/wp-json\/wp\/v2\/comments?post=1409"}],"version-history":[{"count":4,"href":"https:\/\/periomontreal.com\/fr\/wp-json\/wp\/v2\/pages\/1409\/revisions"}],"predecessor-version":[{"id":1489,"href":"https:\/\/periomontreal.com\/fr\/wp-json\/wp\/v2\/pages\/1409\/revisions\/1489"}],"up":[{"embeddable":true,"href":"https:\/\/periomontreal.com\/fr\/wp-json\/wp\/v2\/pages\/429"}],"wp:attachment":[{"href":"https:\/\/periomontreal.com\/fr\/wp-json\/wp\/v2\/media?parent=1409"}],"curies":[{"name":"wp","href":"https:\/\/api.w.org\/{rel}","templated":true}]}}