{"id":1410,"date":"2022-12-05T17:23:33","date_gmt":"2022-12-05T22:23:33","guid":{"rendered":"http:\/\/periomontreal.com\/notre-pratique\/dr-firoozeh-samim-2\/"},"modified":"2022-12-05T17:23:33","modified_gmt":"2022-12-05T22:23:33","slug":"dr-firoozeh-samim-2","status":"publish","type":"page","link":"https:\/\/periomontreal.com\/fr\/notre-pratique\/dr-firoozeh-samim-2\/","title":{"rendered":"Dr. Firoozeh Samim"},"content":{"rendered":"<p><strong>Dr Firoozeh Samim.<\/strong> Dr Samim est une sp\u00e9cialiste en m\u00e9decine buccodentaire et en pathologie buccodentaire et maxillo-faciale certifi\u00e9e par le Bureau national d&rsquo;examen dentaire du Canada et des \u00c9tats-Unis. Elle a obtenu son DMD de la Shiraz University of Medical Science en Iran et a compl\u00e9t\u00e9 le programme de r\u00e9sidence en m\u00e9decine buccodentaire et en pathologie buccodentaire \u00e0 la UBC. Elle a aussi obtenu une ma\u00eetrise en chirurgie craniofaciale en se concentrant sur la sant\u00e9 buccodentaire des populations vuln\u00e9rables et des enfants fr\u00e9quentant les \u00e9coles des quartiers d\u00e9favoris\u00e9s.<\/p>\n<p>Dr Samim fut activement impliqu\u00e9e \u00e0 la UBC en tant que professeure clinicienne adjointe \u00e0 la facult\u00e9 de dentisterie et dans le groupe d&rsquo;oncologie buccodentaire au sein du d\u00e9partement d&rsquo;oncologie buccodentaire\/dentisterie de la British Columbia Cancer Agency. Elle a publi\u00e9 plusieurs articles portant sur la stomatite et les soins buccodentaires chez les patients atteints d&rsquo;un cancer. De plus, Dr Samim fut professeure clinicienne adjointe et coordonnatrice de recherche \u00e0 la Memorial University.<\/p>\n<p>Elle a aussi jou\u00e9 un r\u00f4le cl\u00e9 dans la gestion des soins dentaires de patients subissant des traitements pour le cancer de la t\u00eate et du cou, une greffe de cellules souches et des traitements de chimioth\u00e9rapie en \u00e9tablissant la premi\u00e8re clinique d&rsquo;oncologie buccodentaire \u00e0 la Janeway Hospital de Saint John&rsquo;s, Terre-Neuve. Elle occupe pr\u00e9sentement un poste de professeure clinicienne adjointe \u00e0 l&rsquo;universit\u00e9 McGill, o\u00f9 elle enseigne aux \u00e9tudiants au baccalaur\u00e9at et \u00e0 la ma\u00eetrise en dentisterie.<\/p>\n<p><strong>Dr Samim<\/strong> concentrera principalement sa pratique sur la douleur buccofaciale aig\u00fce et chronique, le diagnostic et le traitement des troubles et maladies buccodentaires, les troubles respiratoires du sommeil et l&rsquo;apn\u00e9e obstructive du sommeil et sur la gestion des soins buccodentaires des patients souffrant de probl\u00e8mes m\u00e9dicaux.<\/p>\n","protected":false},"excerpt":{"rendered":"<p>Dr Firoozeh Samim. Dr Samim est une sp\u00e9cialiste en m\u00e9decine buccodentaire et en pathologie buccodentaire et maxillo-faciale certifi\u00e9e par le Bureau national d&rsquo;examen dentaire du Canada et des \u00c9tats-Unis. Elle a obtenu son DMD de la Shiraz University of Medical Science en Iran et a compl\u00e9t\u00e9 le programme de r\u00e9sidence en m\u00e9decine buccodentaire et en [&hellip;]<\/p>\n","protected":false},"author":1,"featured_media":0,"parent":429,"menu_order":7,"comment_status":"closed","ping_status":"closed","template":"","meta":{"_genesis_hide_title":false,"_genesis_hide_breadcrumbs":false,"_genesis_hide_singular_image":false,"_genesis_hide_footer_widgets":false,"_genesis_custom_body_class":"","_genesis_custom_post_class":"","_genesis_layout":"","footnotes":""},"class_list":{"0":"post-1410","1":"page","2":"type-page","3":"status-publish","5":"entry"},"_links":{"self":[{"href":"https:\/\/periomontreal.com\/fr\/wp-json\/wp\/v2\/pages\/1410","targetHints":{"allow":["GET"]}}],"collection":[{"href":"https:\/\/periomontreal.com\/fr\/wp-json\/wp\/v2\/pages"}],"about":[{"href":"https:\/\/periomontreal.com\/fr\/wp-json\/wp\/v2\/types\/page"}],"author":[{"embeddable":true,"href":"https:\/\/periomontreal.com\/fr\/wp-json\/wp\/v2\/users\/1"}],"replies":[{"embeddable":true,"href":"https:\/\/periomontreal.com\/fr\/wp-json\/wp\/v2\/comments?post=1410"}],"version-history":[{"count":0,"href":"https:\/\/periomontreal.com\/fr\/wp-json\/wp\/v2\/pages\/1410\/revisions"}],"up":[{"embeddable":true,"href":"https:\/\/periomontreal.com\/fr\/wp-json\/wp\/v2\/pages\/429"}],"wp:attachment":[{"href":"https:\/\/periomontreal.com\/fr\/wp-json\/wp\/v2\/media?parent=1410"}],"curies":[{"name":"wp","href":"https:\/\/api.w.org\/{rel}","templated":true}]}}