{"id":405,"date":"2011-05-10T12:20:52","date_gmt":"2011-05-10T12:20:52","guid":{"rendered":"http:\/\/periomontreal.com\/wordpress\/?page_id=405"},"modified":"2025-11-07T09:16:41","modified_gmt":"2025-11-07T14:16:41","slug":"contact-2","status":"publish","type":"page","link":"https:\/\/periomontreal.com\/fr\/contact-2\/","title":{"rendered":"Contact"},"content":{"rendered":"<p><a href=\"mailto:jeremywerbitt@periomontreal.com\">Dr. Jeremy S. Werbitt,\u00a0 D.M.D., F.R.C.D. (C.)<\/a><br \/>\n<a title=\"Dr. Bram Salis\" href=\"mailto:bramsalis@periomontreal.com\">Dr. Bram Salis, D.M.D., F.R.C.D. (C.)<\/a><br \/>\n<a href=\"mailto:edwardtrinh@periomontreal.com\">Dr. Edward H. Trinh,\u00a0 D.M.D., F.R.C.D. (C.)e<\/a><br \/>\n<a href=\"mailto:genevievepayne@periomontreal.com\">Dr. Genevi\u00e8ve Payne,\u00a0 D.M.D., F.R.C.D. (C.)<\/a><br \/>\n<a href=\"mailto:firoozehsamim@periomontreal.com\">Dr. Firoozeh Samim,\u00a0 D.M.D., F.R.C.D. (C.)<\/a><\/p>\n<h4>Perio Montr\u00e9al<\/h4>\n<p>Parodontie et implantologie<br \/>\n4141, rue Sherbrooke Ouest. Suite 535<br \/>\nWestmount, QC H3Z 1B8<\/p>\n<p>Tel: 514.931.2551<br \/>\nFax: 514.931.2380<br \/>\n<a href=\"mailto:info@periomontreal.com\">Courriel: info@periomontreal.com<\/a><\/p>\n<h4>Heures d&rsquo;ouverture<\/h4>\n<p>Lundi-Vendredi<br \/>\n8:00 -16:30<\/p>\n<h4>Urgences<\/h4>\n<p>Nous sommes toujours \u00e0 votre disposition pour r\u00e9pondre \u00e0 vos questions ou pr\u00e9occupations. N\u2019h\u00e9sitez pas \u00e0 communiquer avec nous par t\u00e9l\u00e9phone ou par courriel durant nos heures d\u2019ouverture. En cas d\u2019urgence lorsque le cabinet est ferm\u00e9, nous avons un service t\u00e9l\u00e9phonique ouvert <strong>24 h \/ 7 jours<\/strong> qui garantit que vous aurez toujours l\u2019aide.<\/p>\n\n","protected":false},"excerpt":{"rendered":"<p>Dr. Jeremy S. Werbitt,\u00a0 D.M.D., F.R.C.D. (C.) Dr. Bram Salis, D.M.D., F.R.C.D. (C.) Dr. Edward H. Trinh,\u00a0 D.M.D., F.R.C.D. (C.)e Dr. Genevi\u00e8ve Payne,\u00a0 D.M.D., F.R.C.D. (C.) Dr. Firoozeh Samim,\u00a0 D.M.D., F.R.C.D. (C.) Perio Montr\u00e9al Parodontie et implantologie 4141, rue Sherbrooke Ouest. Suite 535 Westmount, QC H3Z 1B8 Tel: 514.931.2551 Fax: 514.931.2380 Courriel: info@periomontreal.com Heures d&rsquo;ouverture [&hellip;]<\/p>\n","protected":false},"author":1,"featured_media":0,"parent":0,"menu_order":0,"comment_status":"open","ping_status":"open","template":"","meta":{"_genesis_hide_title":false,"_genesis_hide_breadcrumbs":false,"_genesis_hide_singular_image":false,"_genesis_hide_footer_widgets":false,"_genesis_custom_body_class":"","_genesis_custom_post_class":"","_genesis_layout":"","footnotes":""},"class_list":{"0":"post-405","1":"page","2":"type-page","3":"status-publish","5":"entry"},"_links":{"self":[{"href":"https:\/\/periomontreal.com\/fr\/wp-json\/wp\/v2\/pages\/405","targetHints":{"allow":["GET"]}}],"collection":[{"href":"https:\/\/periomontreal.com\/fr\/wp-json\/wp\/v2\/pages"}],"about":[{"href":"https:\/\/periomontreal.com\/fr\/wp-json\/wp\/v2\/types\/page"}],"author":[{"embeddable":true,"href":"https:\/\/periomontreal.com\/fr\/wp-json\/wp\/v2\/users\/1"}],"replies":[{"embeddable":true,"href":"https:\/\/periomontreal.com\/fr\/wp-json\/wp\/v2\/comments?post=405"}],"version-history":[{"count":17,"href":"https:\/\/periomontreal.com\/fr\/wp-json\/wp\/v2\/pages\/405\/revisions"}],"predecessor-version":[{"id":1491,"href":"https:\/\/periomontreal.com\/fr\/wp-json\/wp\/v2\/pages\/405\/revisions\/1491"}],"wp:attachment":[{"href":"https:\/\/periomontreal.com\/fr\/wp-json\/wp\/v2\/media?parent=405"}],"curies":[{"name":"wp","href":"https:\/\/api.w.org\/{rel}","templated":true}]}}