{"id":407,"date":"2011-05-10T12:21:38","date_gmt":"2011-05-10T12:21:38","guid":{"rendered":"http:\/\/periomontreal.com\/wordpress\/?page_id=407"},"modified":"2014-11-18T20:11:09","modified_gmt":"2014-11-18T20:11:09","slug":"implants-dentaires","status":"publish","type":"page","link":"https:\/\/periomontreal.com\/fr\/implants-dentaires\/","title":{"rendered":"Implants"},"content":{"rendered":"<p>Un implant dentaire est une petite vis habituellement faite de titane  pouvant \u00eatre fix\u00e9e dans la m\u00e2choire (inf\u00e9rieure ou sup\u00e9rieure). Une  fois l\u2019implant install\u00e9 dans la m\u00e2choire, la masse osseuse de l\u2019h\u00f4te  pousse autour de la vis, ce qui permet l\u2019\u00ab\u00a0ost\u00e9oint\u00e9gration\u00a0\u00bb, une  fusion de l\u2019os et de la surface de l\u2019implant. Ce processus peut prendre  de six semaines \u00e0 quatre mois, selon le cas.<\/p>\n<p>Une fois l\u2019implant int\u00e9gr\u00e9 \u00e0 la m\u00e2choire, une dent (couronne) peut y  \u00eatre fix\u00e9e par le dentiste sp\u00e9cialis\u00e9 en restauration dentaire du  patient, qui recr\u00e9era l\u2019\u00e9tat de sant\u00e9 initial de la dent avant  l\u2019extraction.<\/p>\n<p>On constate souvent une perte importante d\u2019os de soutien dans la  r\u00e9gion concern\u00e9e apr\u00e8s l\u2019extraction d\u2019une dent touch\u00e9e par la maladie  parodontale. Pour garantir une masse osseuse suffisante \u00e0 la future mise  en place d\u2019implants, des techniques de greffe osseuse peuvent \u00eatre  utilis\u00e9es pour l\u2019augmenter. Une p\u00e9riode de gu\u00e9rison de trois \u00e0 six mois  est requise avant l\u2019installation d\u2019implants dans la r\u00e9gion de la greffe.<\/p>\n<p>Dans certains cas, un implant dentaire peut \u00eatre install\u00e9 tout de  suite apr\u00e8s l\u2019extraction d\u2019une dent; c\u2019est ce qu\u2019on appelle aussi la  \u00ab\u00a0pose imm\u00e9diate\u00a0\u00bb. C\u2019est une technique plus pouss\u00e9e qui requiert une  masse osseuse suffisante pour soutenir l\u2019implant. Cette technique offre  plusieurs avantages, autant pour le m\u00e9decin que pour le patient,  notamment un temps de traitement plus court, moins de proc\u00e9dures  chirurgicales, un co\u00fbt moindre et un meilleur soutien de la masse  osseuse restante. Si la masse osseuse est insuffisante apr\u00e8s  l\u2019extraction d\u2019une dent, on choisit l\u2019option classique, qui consiste \u00e0  attendre trois \u00e0 six mois avant la pose de l\u2019implant afin de donner le  temps \u00e0 la plaie de se refermer.<\/p>\n<p>Les implants dentaires peuvent remplacer une seule ou plusieurs dents  manquantes, ou m\u00eame une dentition compl\u00e8te dans le cas des patients qui  ont perdu toutes leurs dents.<\/p>\n<p>&nbsp;<\/p>\n<p><a title=\"Vid\u00e9os\" href=\"..\/wordpress\/?page_id=475&amp;lang=fr\">Vid\u00e9o sur l\u2019implant dentaire unique<\/a><\/p>\n","protected":false},"excerpt":{"rendered":"<p>Un implant dentaire est une petite vis habituellement faite de titane pouvant \u00eatre fix\u00e9e dans la m\u00e2choire (inf\u00e9rieure ou sup\u00e9rieure). Une fois l\u2019implant install\u00e9 dans la m\u00e2choire, la masse osseuse de l\u2019h\u00f4te pousse autour de la vis, ce qui permet l\u2019\u00ab\u00a0ost\u00e9oint\u00e9gration\u00a0\u00bb, une fusion de l\u2019os et de la surface de l\u2019implant. Ce processus peut prendre [&hellip;]<\/p>\n","protected":false},"author":1,"featured_media":0,"parent":0,"menu_order":0,"comment_status":"open","ping_status":"open","template":"","meta":{"_genesis_hide_title":false,"_genesis_hide_breadcrumbs":false,"_genesis_hide_singular_image":false,"_genesis_hide_footer_widgets":false,"_genesis_custom_body_class":"","_genesis_custom_post_class":"","_genesis_layout":"","footnotes":""},"class_list":{"0":"post-407","1":"page","2":"type-page","3":"status-publish","5":"entry"},"_links":{"self":[{"href":"https:\/\/periomontreal.com\/fr\/wp-json\/wp\/v2\/pages\/407","targetHints":{"allow":["GET"]}}],"collection":[{"href":"https:\/\/periomontreal.com\/fr\/wp-json\/wp\/v2\/pages"}],"about":[{"href":"https:\/\/periomontreal.com\/fr\/wp-json\/wp\/v2\/types\/page"}],"author":[{"embeddable":true,"href":"https:\/\/periomontreal.com\/fr\/wp-json\/wp\/v2\/users\/1"}],"replies":[{"embeddable":true,"href":"https:\/\/periomontreal.com\/fr\/wp-json\/wp\/v2\/comments?post=407"}],"version-history":[{"count":5,"href":"https:\/\/periomontreal.com\/fr\/wp-json\/wp\/v2\/pages\/407\/revisions"}],"predecessor-version":[{"id":877,"href":"https:\/\/periomontreal.com\/fr\/wp-json\/wp\/v2\/pages\/407\/revisions\/877"}],"wp:attachment":[{"href":"https:\/\/periomontreal.com\/fr\/wp-json\/wp\/v2\/media?parent=407"}],"curies":[{"name":"wp","href":"https:\/\/api.w.org\/{rel}","templated":true}]}}