{"id":419,"date":"2011-05-10T12:25:27","date_gmt":"2011-05-10T12:25:27","guid":{"rendered":"http:\/\/periomontreal.com\/wordpress\/?page_id=419"},"modified":"2011-07-13T12:18:22","modified_gmt":"2011-07-13T12:18:22","slug":"conseils-post-chirurgie","status":"publish","type":"page","link":"https:\/\/periomontreal.com\/fr\/implants-dentaires\/conseils-post-chirurgie\/","title":{"rendered":"Instructions postop\u00e9ratoires"},"content":{"rendered":"<p>1. \u00c9vitez de m\u00e2cher dans la r\u00e9gion de la chirurgie jusqu\u2019\u00e0 indication contraire.<br \/>\n2. \u00c9vitez les aliments et liquides chauds ou \u00e9pic\u00e9s jusqu\u2019\u00e0 ce qu\u2019on vous dise qu\u2019il est s\u00e9curitaire de les consommer.<br \/>\n3. Ne brossez pas vos dents et ne passez pas la soie dentaire dans la r\u00e9gion de la chirurgie jusqu\u2019\u00e0 indication contraire.<br \/>\n4. Prenez les m\u00e9dicaments prescrits comme indiqu\u00e9.<br \/>\n5. \u00c9vitez les activit\u00e9s intenses durant les 48 heures suivant la chirurgie.<br \/>\n6. Si une proth\u00e8se dentaire amovible a \u00e9t\u00e9 fabriqu\u00e9e pour vous, gardez-la le plus possible hors de la bouche.<\/p>\n<p><a href=\"http:\/\/periomontreal.com\/wp-content\/uploads\/2011\/07\/Postoperatoire-Implant-FR.pdf\">T\u00e9l\u00e9charger le pdf avec les instructions postop\u00e9ratoires<\/a><\/p>\n","protected":false},"excerpt":{"rendered":"<p>1. \u00c9vitez de m\u00e2cher dans la r\u00e9gion de la chirurgie jusqu\u2019\u00e0 indication contraire. 2. \u00c9vitez les aliments et liquides chauds ou \u00e9pic\u00e9s jusqu\u2019\u00e0 ce qu\u2019on vous dise qu\u2019il est s\u00e9curitaire de les consommer. 3. Ne brossez pas vos dents et ne passez pas la soie dentaire dans la r\u00e9gion de la chirurgie jusqu\u2019\u00e0 indication contraire. [&hellip;]<\/p>\n","protected":false},"author":1,"featured_media":0,"parent":407,"menu_order":6,"comment_status":"open","ping_status":"open","template":"support.php","meta":{"_genesis_hide_title":false,"_genesis_hide_breadcrumbs":false,"_genesis_hide_singular_image":false,"_genesis_hide_footer_widgets":false,"_genesis_custom_body_class":"","_genesis_custom_post_class":"","_genesis_layout":"","footnotes":""},"class_list":{"0":"post-419","1":"page","2":"type-page","3":"status-publish","5":"entry"},"_links":{"self":[{"href":"https:\/\/periomontreal.com\/fr\/wp-json\/wp\/v2\/pages\/419","targetHints":{"allow":["GET"]}}],"collection":[{"href":"https:\/\/periomontreal.com\/fr\/wp-json\/wp\/v2\/pages"}],"about":[{"href":"https:\/\/periomontreal.com\/fr\/wp-json\/wp\/v2\/types\/page"}],"author":[{"embeddable":true,"href":"https:\/\/periomontreal.com\/fr\/wp-json\/wp\/v2\/users\/1"}],"replies":[{"embeddable":true,"href":"https:\/\/periomontreal.com\/fr\/wp-json\/wp\/v2\/comments?post=419"}],"version-history":[{"count":13,"href":"https:\/\/periomontreal.com\/fr\/wp-json\/wp\/v2\/pages\/419\/revisions"}],"predecessor-version":[{"id":846,"href":"https:\/\/periomontreal.com\/fr\/wp-json\/wp\/v2\/pages\/419\/revisions\/846"}],"up":[{"embeddable":true,"href":"https:\/\/periomontreal.com\/fr\/wp-json\/wp\/v2\/pages\/407"}],"wp:attachment":[{"href":"https:\/\/periomontreal.com\/fr\/wp-json\/wp\/v2\/media?parent=419"}],"curies":[{"name":"wp","href":"https:\/\/api.w.org\/{rel}","templated":true}]}}