{"id":431,"date":"2011-05-10T12:27:14","date_gmt":"2011-05-10T12:27:14","guid":{"rendered":"http:\/\/periomontreal.com\/wordpress\/?page_id=431"},"modified":"2022-12-05T19:43:04","modified_gmt":"2022-12-06T00:43:04","slug":"a-propos-de-perio","status":"publish","type":"page","link":"https:\/\/periomontreal.com\/fr\/notre-pratique\/a-propos-de-perio\/","title":{"rendered":"Notre pratique"},"content":{"rendered":"<p><a href=\"http:\/\/periomontreal.com\/wp-content\/uploads\/2011\/04\/ChaiseRouge.jpg\"><img loading=\"lazy\" decoding=\"async\" class=\"size-full wp-image-737 alignnone\" src=\"http:\/\/periomontreal.com\/wp-content\/uploads\/2011\/04\/ChaiseRouge.jpg\" alt=\"\" width=\"610\" height=\"407\" srcset=\"https:\/\/periomontreal.com\/wp-content\/uploads\/2011\/04\/ChaiseRouge.jpg 610w, https:\/\/periomontreal.com\/wp-content\/uploads\/2011\/04\/ChaiseRouge-300x200.jpg 300w\" sizes=\"auto, (max-width: 610px) 100vw, 610px\" \/><\/a><\/p>\n<p>Le cabinet Perio Montr\u00e9al existe depuis pr\u00e8s de 70 ans. Il a \u00e9t\u00e9 fond\u00e9 par Dr Robert Harvey au d\u00e9but des ann\u00e9es 50, un des pionniers de la parodontie moderne \u00e0 Montr\u00e9al. En 1969, il s\u2019associe \u00e0 Dr Marvin Stutman,\u00a0Dr Mel Hershenfield\u00a0en 1972, et\u00a0Dr Marvin Werbitt en 1973. Les deux partenaires actuels, Drs <a title=\"Dr. Jeremy S. Werbitt\" href=\"http:\/\/periomontreal.com\/wordpress\/?page_id=439&amp;lang=fr\">Jeremy Werbitt <\/a>et <a title=\"Dr. Bram Salis\" href=\"http:\/\/periomontreal.com\/wordpress\/?page_id=441&amp;lang=fr\">Bram Salis<\/a>, avec leurs associ\u00e9es Drs <a href=\"https:\/\/periomontreal.com\/fr\/notre-pratique\/dr-edward-h-trinh\/\">Edward H Trinh<\/a> et <a href=\"https:\/\/periomontreal.com\/fr\/notre-pratique\/dr-genevieve-payne\/\">Genevi\u00e8ve Payne<\/a> apportent au cabinet Perio Montr\u00e9al des comp\u00e9tences cliniques sup\u00e9rieures, une \u00e9thique de travail irr\u00e9prochable et une nouvelle \u00e9nergie. De plus Perio Montr\u00e9al \u00e0 pour but de rendre le meilleur service \u00e0 ses patients en offrant l&rsquo;acc\u00e8s sur place de la sp\u00e9cialiste en m\u00e9decine buccale et pathologie maxillofaciale, la <a href=\"https:\/\/periomontreal.com\/fr\/notre-pratique\/dr-firoozeh-samim-2\/\">Dre Firoozeh Samim<\/a>.<\/p>\n<p>Perio Montr\u00e9al est depuis longtemps un des plus grands et plus prestigieux cabinets de parodontie de Montr\u00e9al, bien connu pour leurs soins de premi\u00e8re qualit\u00e9 \u00e0 leurs patients. Tous les partenaires et associ\u00e9s ont \u00e9t\u00e9 ou sont couramment impliqu\u00e9s \u00e0 multiple programmes d&rsquo;enseignement, soit la facult\u00e9 de dentisterie de l\u2019Universit\u00e9 McGill, ou les r\u00e9sidences dentaires \u00e0 l\u2019h\u00f4pital g\u00e9n\u00e9ral juif et l\u2019h\u00f4pital g\u00e9n\u00e9ral de Montr\u00e9al. Ils font partie de plusieurs organismes dentaires et parodontaux municipaux, provinciaux, nationaux et m\u00eame internationaux, donc le Coll\u00e8ge royal des chirurgiens dentistes du Canada, qui g\u00e8re tous les sp\u00e9cialistes en m\u00e9decine dentaire au pays.<\/p>\n<p>Perio Montr\u00e9al a \u00e9t\u00e9 parmi les premiers \u00e0 avoir des hygi\u00e9nistes dentaires en cabinet au d\u00e9but des ann\u00e9es 70 afin d\u2019aider \u00e0 l\u2019entretien des patients, une pratique inconnue \u00e0 cette \u00e9poque et maintenant courante dans presque tous les cabinets dentaires. Ceci en ajout \u00e0 leur implication \u00e0 la cr\u00e9ation d\u2019un programme de formation d&rsquo;hygi\u00e9nistes \u00e0 l\u2019Universit\u00e9 de Montr\u00e9al, puis au c\u00e9gep John Abbott. Perio Montr\u00e9al a \u00e9t\u00e9 \u00e0 l\u2019avant-garde de la formation continue en pr\u00e9sentant des conf\u00e9rences donn\u00e9es par les plus grands noms dans le domaine durant plusieurs ann\u00e9es. Le cabinet Perio Montr\u00e9al s\u2019engage demeurer \u00e0 jour et \u00e0 informer les patients et les autres professionnels dentaires au fur et \u00e0 mesure que le domaine de la dentisterie progresse.<\/p>\n","protected":false},"excerpt":{"rendered":"<p>Le cabinet Perio Montr\u00e9al existe depuis pr\u00e8s de 70 ans. Il a \u00e9t\u00e9 fond\u00e9 par Dr Robert Harvey au d\u00e9but des ann\u00e9es 50, un des pionniers de la parodontie moderne \u00e0 Montr\u00e9al. En 1969, il s\u2019associe \u00e0 Dr Marvin Stutman,\u00a0Dr Mel Hershenfield\u00a0en 1972, et\u00a0Dr Marvin Werbitt en 1973. Les deux partenaires actuels, Drs Jeremy Werbitt [&hellip;]<\/p>\n","protected":false},"author":1,"featured_media":0,"parent":429,"menu_order":1,"comment_status":"open","ping_status":"closed","template":"","meta":{"_genesis_hide_title":false,"_genesis_hide_breadcrumbs":false,"_genesis_hide_singular_image":false,"_genesis_hide_footer_widgets":false,"_genesis_custom_body_class":"","_genesis_custom_post_class":"","_genesis_layout":"","footnotes":""},"class_list":{"0":"post-431","1":"page","2":"type-page","3":"status-publish","5":"entry"},"_links":{"self":[{"href":"https:\/\/periomontreal.com\/fr\/wp-json\/wp\/v2\/pages\/431","targetHints":{"allow":["GET"]}}],"collection":[{"href":"https:\/\/periomontreal.com\/fr\/wp-json\/wp\/v2\/pages"}],"about":[{"href":"https:\/\/periomontreal.com\/fr\/wp-json\/wp\/v2\/types\/page"}],"author":[{"embeddable":true,"href":"https:\/\/periomontreal.com\/fr\/wp-json\/wp\/v2\/users\/1"}],"replies":[{"embeddable":true,"href":"https:\/\/periomontreal.com\/fr\/wp-json\/wp\/v2\/comments?post=431"}],"version-history":[{"count":12,"href":"https:\/\/periomontreal.com\/fr\/wp-json\/wp\/v2\/pages\/431\/revisions"}],"predecessor-version":[{"id":1446,"href":"https:\/\/periomontreal.com\/fr\/wp-json\/wp\/v2\/pages\/431\/revisions\/1446"}],"up":[{"embeddable":true,"href":"https:\/\/periomontreal.com\/fr\/wp-json\/wp\/v2\/pages\/429"}],"wp:attachment":[{"href":"https:\/\/periomontreal.com\/fr\/wp-json\/wp\/v2\/media?parent=431"}],"curies":[{"name":"wp","href":"https:\/\/api.w.org\/{rel}","templated":true}]}}