{"id":439,"date":"2011-05-10T12:28:35","date_gmt":"2011-05-10T12:28:35","guid":{"rendered":"http:\/\/periomontreal.com\/wordpress\/?page_id=439"},"modified":"2011-06-13T17:45:22","modified_gmt":"2011-06-13T17:45:22","slug":"dr-jeremy-s-werbitt","status":"publish","type":"page","link":"https:\/\/periomontreal.com\/fr\/notre-pratique\/dr-jeremy-s-werbitt\/","title":{"rendered":"Dr. Jeremy S. Werbitt"},"content":{"rendered":"<p><a href=\"http:\/\/periomontreal.com\/wordpress\/wp-content\/uploads\/2011\/04\/Jeremy1.jpg\"><img loading=\"lazy\" decoding=\"async\" class=\"alignleft size-thumbnail wp-image-583\" title=\"Jeremy\" src=\"http:\/\/periomontreal.com\/wordpress\/wp-content\/uploads\/2011\/04\/Jeremy1-150x225.jpg\" alt=\"\" width=\"150\" height=\"225\" srcset=\"https:\/\/periomontreal.com\/wp-content\/uploads\/2011\/04\/Jeremy1-150x225.jpg 150w, https:\/\/periomontreal.com\/wp-content\/uploads\/2011\/04\/Jeremy1-200x300.jpg 200w, https:\/\/periomontreal.com\/wp-content\/uploads\/2011\/04\/Jeremy1.jpg 350w\" sizes=\"auto, (max-width: 150px) 100vw, 150px\" \/><\/a>Le Dr Jeremy Werbitt, D.M.D., F.R.C.D. (C.), Dip. A.B.P. a obtenu son dipl\u00f4me de l\u2019\u00e9cole dentaire de l\u2019Universit\u00e9 McGill en 2007. Il a ensuite suivi un programme de postdoctorat de trois ans en parodontie et dentisterie d\u2019implants \u00e0 l\u2019universit\u00e9 de Pennsylvanie, qu\u2019il a termin\u00e9 en 2010. Il est sp\u00e9cialis\u00e9 en traitement de la maladie parodontale, en implantologie dentaire et en restauration des \u00e9l\u00e9ments de soutien des dents, soit les gencives et l\u2019os sous-jacent.<\/p>\n<p>Le Dr Jeremy Werbitt se consacre \u00e0 la pratique clinique depuis 2010. Il est professeur agr\u00e9g\u00e9 de clinique en parodontie \u00e0 l\u2019Universit\u00e9 McGill et au programme de r\u00e9sidence de m\u00e9decine g\u00e9n\u00e9rale de l\u2019H\u00f4pital g\u00e9n\u00e9ral juif. Pendant ses \u00e9tudes en dentisterie, il a \u00e9t\u00e9 pr\u00e9sident de la section \u00e9tudiante du groupe dentaire Alpha Omega, et pendant sa r\u00e9sidence, il a \u00e9t\u00e9 ambassadeur de la fondation de l\u2019American Academy of Periodontology. Il est membre actif de l\u2019American Academy of Periodontology, de l\u2019Academy of Osseointegration, de l\u2019Ordre des dentistes du Qu\u00e9bec, du Coll\u00e8ge royal des chirurgiens dentistes du Canada et du groupe dentaire Alpha Omega.<\/p>\n<p>Mis \u00e0 part la dentisterie, les int\u00e9r\u00eats de Jeremy comprennent le golf, le basketball, la balle molle et le ski.<\/p>\n","protected":false},"excerpt":{"rendered":"<p>Le Dr Jeremy Werbitt, D.M.D., F.R.C.D. (C.), Dip. A.B.P. a obtenu son dipl\u00f4me de l\u2019\u00e9cole dentaire de l\u2019Universit\u00e9 McGill en 2007. Il a ensuite suivi un programme de postdoctorat de trois ans en parodontie et dentisterie d\u2019implants \u00e0 l\u2019universit\u00e9 de Pennsylvanie, qu\u2019il a termin\u00e9 en 2010. Il est sp\u00e9cialis\u00e9 en traitement de la maladie parodontale, [&hellip;]<\/p>\n","protected":false},"author":1,"featured_media":0,"parent":429,"menu_order":5,"comment_status":"open","ping_status":"open","template":"","meta":{"_genesis_hide_title":false,"_genesis_hide_breadcrumbs":false,"_genesis_hide_singular_image":false,"_genesis_hide_footer_widgets":false,"_genesis_custom_body_class":"","_genesis_custom_post_class":"","_genesis_layout":"","footnotes":""},"class_list":{"0":"post-439","1":"page","2":"type-page","3":"status-publish","5":"entry"},"_links":{"self":[{"href":"https:\/\/periomontreal.com\/fr\/wp-json\/wp\/v2\/pages\/439","targetHints":{"allow":["GET"]}}],"collection":[{"href":"https:\/\/periomontreal.com\/fr\/wp-json\/wp\/v2\/pages"}],"about":[{"href":"https:\/\/periomontreal.com\/fr\/wp-json\/wp\/v2\/types\/page"}],"author":[{"embeddable":true,"href":"https:\/\/periomontreal.com\/fr\/wp-json\/wp\/v2\/users\/1"}],"replies":[{"embeddable":true,"href":"https:\/\/periomontreal.com\/fr\/wp-json\/wp\/v2\/comments?post=439"}],"version-history":[{"count":4,"href":"https:\/\/periomontreal.com\/fr\/wp-json\/wp\/v2\/pages\/439\/revisions"}],"predecessor-version":[{"id":789,"href":"https:\/\/periomontreal.com\/fr\/wp-json\/wp\/v2\/pages\/439\/revisions\/789"}],"up":[{"embeddable":true,"href":"https:\/\/periomontreal.com\/fr\/wp-json\/wp\/v2\/pages\/429"}],"wp:attachment":[{"href":"https:\/\/periomontreal.com\/fr\/wp-json\/wp\/v2\/media?parent=439"}],"curies":[{"name":"wp","href":"https:\/\/api.w.org\/{rel}","templated":true}]}}