{"id":441,"date":"2011-05-10T12:28:49","date_gmt":"2011-05-10T12:28:49","guid":{"rendered":"http:\/\/periomontreal.com\/wordpress\/?page_id=441"},"modified":"2011-07-04T15:23:14","modified_gmt":"2011-07-04T15:23:14","slug":"dr-bram-salis","status":"publish","type":"page","link":"https:\/\/periomontreal.com\/fr\/notre-pratique\/dr-bram-salis\/","title":{"rendered":"Dr. Bram Salis"},"content":{"rendered":"<p><a href=\"http:\/\/periomontreal.com\/wordpress\/wp-content\/uploads\/2011\/05\/Bram.jpg\"><img loading=\"lazy\" decoding=\"async\" class=\"alignleft size-thumbnail wp-image-609\" title=\"Bram\" src=\"http:\/\/periomontreal.com\/wordpress\/wp-content\/uploads\/2011\/05\/Bram-150x225.jpg\" alt=\"\" width=\"150\" height=\"225\" srcset=\"https:\/\/periomontreal.com\/wp-content\/uploads\/2011\/05\/Bram-150x225.jpg 150w, https:\/\/periomontreal.com\/wp-content\/uploads\/2011\/05\/Bram-200x300.jpg 200w, https:\/\/periomontreal.com\/wp-content\/uploads\/2011\/05\/Bram.jpg 350w\" sizes=\"auto, (max-width: 150px) 100vw, 150px\" \/><\/a>Dr. Bram Salis, D.M.D., F.R.C.D. (C.), Dip. A.B.P. est un parodontiste d\u00e9tenteur d\u2019un certificat de sp\u00e9cialiste et un m\u00e9decin agr\u00e9g\u00e9 de l\u2019American Board of Periodontology. Il est sp\u00e9cialis\u00e9 en reconstruction parodontale de tissus osseux et mous, en chirurgie plastique parodontale et en pose chirurgicale d\u2019implants dentaires.<br \/>\nApr\u00e8s avoir re\u00e7u un baccalaur\u00e9at en microbiologie et immunologie de l\u2019Universit\u00e9 McGill \u00e0 Montr\u00e9al, il a obtenu un doctorat en dentisterie m\u00e9dicale de la facult\u00e9 de dentisterie de cette m\u00eame universit\u00e9. Dr\u00a0Salis a ensuite fait sa r\u00e9sidence en m\u00e9decine g\u00e9n\u00e9rale \u00e0 l\u2019H\u00f4pital g\u00e9n\u00e9ral juif et suivi un programme de formation intensive sp\u00e9cialis\u00e9e de trois ans au prestigieux Ashman Department of Periodontics and Implant Dentistry de l\u2019universit\u00e9 de New York.<\/p>\n<p>Tr\u00e8s enthousiaste envers la formation continue, Dr\u00a0Salis est passionn\u00e9 d\u2019enseignement et de recherche. Il a \u00e9t\u00e9 codirecteur du programme clinique estival de l\u2019Universit\u00e9 McGill, et il donne pr\u00e9sentement des conf\u00e9rences et de la formation en parodontie et dentisterie d\u2019implants aux r\u00e9sidents en dentisterie de l\u2019H\u00f4pital g\u00e9n\u00e9ral juif. Dr\u00a0Salis a aussi publi\u00e9 des recherches dans le Journal of Periodontology, la revue scientifique de l\u2019American Academy of Periodontology.<\/p>\n<p>Dr\u00a0Salis est membre de nombreuses organisations dentaires nationales et locales, entre autres de l\u2019American Academy of Periodontology, de l\u2019Acad\u00e9mie canadienne de parodontologie, de l\u2019Ordre des dentistes du Qu\u00e9bec et du groupe dentaire Alpha Omega. Dr\u00a0Salis a grandi \u00e0 Montr\u00e9al, o\u00f9 il habite actuellement. Il aime le golf et passer du temps aupr\u00e8s de sa famille et de ses amis.<\/p>\n","protected":false},"excerpt":{"rendered":"<p>Dr. Bram Salis, D.M.D., F.R.C.D. (C.), Dip. A.B.P. est un parodontiste d\u00e9tenteur d\u2019un certificat de sp\u00e9cialiste et un m\u00e9decin agr\u00e9g\u00e9 de l\u2019American Board of Periodontology. Il est sp\u00e9cialis\u00e9 en reconstruction parodontale de tissus osseux et mous, en chirurgie plastique parodontale et en pose chirurgicale d\u2019implants dentaires. Apr\u00e8s avoir re\u00e7u un baccalaur\u00e9at en microbiologie et immunologie [&hellip;]<\/p>\n","protected":false},"author":1,"featured_media":0,"parent":429,"menu_order":6,"comment_status":"open","ping_status":"open","template":"","meta":{"_genesis_hide_title":false,"_genesis_hide_breadcrumbs":false,"_genesis_hide_singular_image":false,"_genesis_hide_footer_widgets":false,"_genesis_custom_body_class":"","_genesis_custom_post_class":"","_genesis_layout":"","footnotes":""},"class_list":{"0":"post-441","1":"page","2":"type-page","3":"status-publish","5":"entry"},"_links":{"self":[{"href":"https:\/\/periomontreal.com\/fr\/wp-json\/wp\/v2\/pages\/441","targetHints":{"allow":["GET"]}}],"collection":[{"href":"https:\/\/periomontreal.com\/fr\/wp-json\/wp\/v2\/pages"}],"about":[{"href":"https:\/\/periomontreal.com\/fr\/wp-json\/wp\/v2\/types\/page"}],"author":[{"embeddable":true,"href":"https:\/\/periomontreal.com\/fr\/wp-json\/wp\/v2\/users\/1"}],"replies":[{"embeddable":true,"href":"https:\/\/periomontreal.com\/fr\/wp-json\/wp\/v2\/comments?post=441"}],"version-history":[{"count":11,"href":"https:\/\/periomontreal.com\/fr\/wp-json\/wp\/v2\/pages\/441\/revisions"}],"predecessor-version":[{"id":830,"href":"https:\/\/periomontreal.com\/fr\/wp-json\/wp\/v2\/pages\/441\/revisions\/830"}],"up":[{"embeddable":true,"href":"https:\/\/periomontreal.com\/fr\/wp-json\/wp\/v2\/pages\/429"}],"wp:attachment":[{"href":"https:\/\/periomontreal.com\/fr\/wp-json\/wp\/v2\/media?parent=441"}],"curies":[{"name":"wp","href":"https:\/\/api.w.org\/{rel}","templated":true}]}}