{"id":449,"date":"2011-05-10T12:30:33","date_gmt":"2011-05-10T12:30:33","guid":{"rendered":"http:\/\/periomontreal.com\/wordpress\/?page_id=449"},"modified":"2014-11-18T21:06:51","modified_gmt":"2014-11-18T21:06:51","slug":"questions-frequentes","status":"publish","type":"page","link":"https:\/\/periomontreal.com\/fr\/informations-pour-les-patients\/questions-frequentes\/","title":{"rendered":"Questions fr\u00e9quentes"},"content":{"rendered":"<h2>Une chirurgie des gencives est-elle tr\u00e8s douloureuse?<\/h2>\n<p>Une chirurgie parodontale (des gencives) est effectu\u00e9e sous anesth\u00e9sie locale. Une fois anesth\u00e9si\u00e9 (\u00ab gel\u00e9 \u00bb), vous ne ressentirez aucune sensation d\u2019inconfort. Nous donnons aussi souvent un analg\u00e9sique au d\u00e9but de la proc\u00e9dure afin qu\u2019il soit au maximum de son efficacit\u00e9 lorsque les effets de l\u2019anesth\u00e9sie se dissiperont. <\/p>\n<h2>\u00c0 quoi devrais-je m\u2019attendre apr\u00e8s la chirurgie?<\/h2>\n<p>Apr\u00e8s la chirurgie, on peut s\u2019attendre \u00e0 un peu d\u2019inconfort qui peut facilement \u00eatre soulag\u00e9 par des analg\u00e9siques en vente libre, par exemple Advil ou Tylenol, le m\u00eame genre de m\u00e9dicaments que vous prenez pour le mal de t\u00eate.<\/p>\n<h2>Combien de temps n\u00e9cessite la chirurgie parodontale?<\/h2>\n<p>Selon la proc\u00e9dure, une chirurgie parodontale peut n\u00e9cessiter de quinze minutes \u00e0 plusieurs heures. \u00c0 notre cabinet, la plupart des proc\u00e9dures durent de quarante-cinq minutes \u00e0 une heure.<\/p>\n<h2>Combien co\u00fbte une chirurgie parodontale?<\/h2>\n<p>Le co\u00fbt d\u2019un traitement parodontal varie selon le type, la difficult\u00e9 et la dur\u00e9e de la proc\u00e9dure ainsi que le mat\u00e9riel utilis\u00e9. Nous croyons que des pr\u00e9occupations financi\u00e8res ne devraient pas emp\u00eacher une personne de recevoir un traitement; c\u2019est pourquoi nous offrons plusieurs options de paiement qui r\u00e9pondront aux besoins de chacun. Nous acceptons Visa et MasterCard ainsi qu\u2019Interac. Si vous d\u00e9tenez une assurance, nous pr\u00e9parerons un formulaire des frais pr\u00e9d\u00e9termin\u00e9s que vous pourrez soumettre \u00e0 votre assureur avant le d\u00e9but du traitement ainsi que tout autre formulaire qui pourrait \u00eatre requis durant et apr\u00e8s le traitement.<\/p>\n<h2>Devrai-je revenir pour d\u2019autres visites apr\u00e8s le traitement?<\/h2>\n<p>Une ou plusieurs visites postop\u00e9ratoires sont n\u00e9cessaires apr\u00e8s la plupart des proc\u00e9dures afin d\u2019\u00e9valuer la gu\u00e9rison, retirer les points de suture s\u2019il y a lieu, maintenir le site op\u00e9ratoire propre et r\u00e9pondre aux pr\u00e9occupations du patient. Un plan de traitement expliquant la s\u00e9quence du traitement, notamment ces visites postop\u00e9ratoires, sera pr\u00e9sent\u00e9 au patient avant le d\u00e9but du traitement.<\/p>\n<h2>Que faire en cas d\u2019urgence?<\/h2>\n<p>Le secr\u00e9tariat t\u00e9l\u00e9phonique de notre cabinet est en service en tout temps (514 843-9311). En cas d\u2019urgence, le secr\u00e9tariat t\u00e9l\u00e9phonique communiquera avec votre parodontiste ou, si ce dernier n\u2019est pas disponible, un des parodontistes de notre cabinet. Si n\u00e9cessaire, les urgences seront \u00e9valu\u00e9es sur place et trait\u00e9es, m\u00eame apr\u00e8s les heures d\u2019ouverture, le week-end ou lors des jours f\u00e9ri\u00e9s.<\/p>\n<h2>Options de paiement et assurance<\/h2>\n<p>Le co\u00fbt d\u2019un traitement parodontal varie selon le type, la difficult\u00e9 et la dur\u00e9e de la proc\u00e9dure ainsi que le mat\u00e9riel utilis\u00e9. Nous croyons que des pr\u00e9occupations financi\u00e8res ne devraient pas emp\u00eacher une personne de recevoir un traitement; c\u2019est pourquoi nous offrons plusieurs options de paiement qui r\u00e9pondront aux besoins de chacun. Nous acceptons Visa et MasterCard ainsi qu\u2019Interac. Si vous d\u00e9tenez une assurance, nous pr\u00e9parerons un formulaire des frais pr\u00e9d\u00e9termin\u00e9s que vous pourrez soumettre \u00e0 votre assureur avant le d\u00e9but du traitement ainsi que tout autre formulaire qui pourrait \u00eatre requis durant et apr\u00e8s le traitement.<\/p>\n","protected":false},"excerpt":{"rendered":"<p>Une chirurgie des gencives est-elle tr\u00e8s douloureuse? Une chirurgie parodontale (des gencives) est effectu\u00e9e sous anesth\u00e9sie locale. Une fois anesth\u00e9si\u00e9 (\u00ab gel\u00e9 \u00bb), vous ne ressentirez aucune sensation d\u2019inconfort. Nous donnons aussi souvent un analg\u00e9sique au d\u00e9but de la proc\u00e9dure afin qu\u2019il soit au maximum de son efficacit\u00e9 lorsque les effets de l\u2019anesth\u00e9sie se dissiperont. [&hellip;]<\/p>\n","protected":false},"author":1,"featured_media":0,"parent":447,"menu_order":1,"comment_status":"open","ping_status":"open","template":"","meta":{"_genesis_hide_title":false,"_genesis_hide_breadcrumbs":false,"_genesis_hide_singular_image":false,"_genesis_hide_footer_widgets":false,"_genesis_custom_body_class":"","_genesis_custom_post_class":"","_genesis_layout":"","footnotes":""},"class_list":{"0":"post-449","1":"page","2":"type-page","3":"status-publish","5":"entry"},"_links":{"self":[{"href":"https:\/\/periomontreal.com\/fr\/wp-json\/wp\/v2\/pages\/449","targetHints":{"allow":["GET"]}}],"collection":[{"href":"https:\/\/periomontreal.com\/fr\/wp-json\/wp\/v2\/pages"}],"about":[{"href":"https:\/\/periomontreal.com\/fr\/wp-json\/wp\/v2\/types\/page"}],"author":[{"embeddable":true,"href":"https:\/\/periomontreal.com\/fr\/wp-json\/wp\/v2\/users\/1"}],"replies":[{"embeddable":true,"href":"https:\/\/periomontreal.com\/fr\/wp-json\/wp\/v2\/comments?post=449"}],"version-history":[{"count":3,"href":"https:\/\/periomontreal.com\/fr\/wp-json\/wp\/v2\/pages\/449\/revisions"}],"predecessor-version":[{"id":888,"href":"https:\/\/periomontreal.com\/fr\/wp-json\/wp\/v2\/pages\/449\/revisions\/888"}],"up":[{"embeddable":true,"href":"https:\/\/periomontreal.com\/fr\/wp-json\/wp\/v2\/pages\/447"}],"wp:attachment":[{"href":"https:\/\/periomontreal.com\/fr\/wp-json\/wp\/v2\/media?parent=449"}],"curies":[{"name":"wp","href":"https:\/\/api.w.org\/{rel}","templated":true}]}}