{"id":451,"date":"2011-05-10T12:31:20","date_gmt":"2011-05-10T12:31:20","guid":{"rendered":"http:\/\/periomontreal.com\/wordpress\/?page_id=451"},"modified":"2011-06-06T18:03:30","modified_gmt":"2011-06-06T18:03:30","slug":"conseils-post-chirurgie","status":"publish","type":"page","link":"https:\/\/periomontreal.com\/fr\/informations-pour-les-patients\/conseils-post-chirurgie\/","title":{"rendered":"Instructions postop\u00e9ratoires"},"content":{"rendered":"<p>1. \u00c9vitez de m\u00e2cher dans la r\u00e9gion de la chirurgie jusqu\u2019\u00e0 ce que le m\u00e9decin vous le permette.<br \/>\n2. \u00c9vitez de brosser vos dents et de passer pas la soie dentaire dans la r\u00e9gion de la chirurgie jusqu\u2019\u00e0 indication contraire.<br \/>\n3. Rincez-vous la bouche deux fois par jour avec du rince-bouche contenant de la chlorhexidine. Ne rincez PAS vigoureusement.<br \/>\n4. Ne faites aucune activit\u00e9 intense durant les 48\u00a0heures suivant la chirurgie.<br \/>\n5. \u00c9vitez les aliments et liquides chauds ou \u00e9pic\u00e9s jusqu\u2019\u00e0 ce qu\u2019on vous dise qu\u2019il est s\u00e9curitaire de les consommer.<br \/>\n6. Prenez tous les m\u00e9dicaments prescrits comme indiqu\u00e9.<br \/>\n7. Communiquez avec le cabinet si vous avez des probl\u00e8mes, questions ou pr\u00e9occupations.<\/p>\n<p><a href=\"..\/wp-content\/uploads\/2011\/06\/Postoperatoire-FR.pdf\">T\u00e9l\u00e9charger le pdf avec les instructions postop\u00e9ratoires<\/a><\/p>\n","protected":false},"excerpt":{"rendered":"<p>1. \u00c9vitez de m\u00e2cher dans la r\u00e9gion de la chirurgie jusqu\u2019\u00e0 ce que le m\u00e9decin vous le permette. 2. \u00c9vitez de brosser vos dents et de passer pas la soie dentaire dans la r\u00e9gion de la chirurgie jusqu\u2019\u00e0 indication contraire. 3. Rincez-vous la bouche deux fois par jour avec du rince-bouche contenant de la chlorhexidine. [&hellip;]<\/p>\n","protected":false},"author":1,"featured_media":0,"parent":447,"menu_order":2,"comment_status":"open","ping_status":"open","template":"support.php","meta":{"_genesis_hide_title":false,"_genesis_hide_breadcrumbs":false,"_genesis_hide_singular_image":false,"_genesis_hide_footer_widgets":false,"_genesis_custom_body_class":"","_genesis_custom_post_class":"","_genesis_layout":"","footnotes":""},"class_list":{"0":"post-451","1":"page","2":"type-page","3":"status-publish","5":"entry"},"_links":{"self":[{"href":"https:\/\/periomontreal.com\/fr\/wp-json\/wp\/v2\/pages\/451","targetHints":{"allow":["GET"]}}],"collection":[{"href":"https:\/\/periomontreal.com\/fr\/wp-json\/wp\/v2\/pages"}],"about":[{"href":"https:\/\/periomontreal.com\/fr\/wp-json\/wp\/v2\/types\/page"}],"author":[{"embeddable":true,"href":"https:\/\/periomontreal.com\/fr\/wp-json\/wp\/v2\/users\/1"}],"replies":[{"embeddable":true,"href":"https:\/\/periomontreal.com\/fr\/wp-json\/wp\/v2\/comments?post=451"}],"version-history":[{"count":5,"href":"https:\/\/periomontreal.com\/fr\/wp-json\/wp\/v2\/pages\/451\/revisions"}],"predecessor-version":[{"id":708,"href":"https:\/\/periomontreal.com\/fr\/wp-json\/wp\/v2\/pages\/451\/revisions\/708"}],"up":[{"embeddable":true,"href":"https:\/\/periomontreal.com\/fr\/wp-json\/wp\/v2\/pages\/447"}],"wp:attachment":[{"href":"https:\/\/periomontreal.com\/fr\/wp-json\/wp\/v2\/media?parent=451"}],"curies":[{"name":"wp","href":"https:\/\/api.w.org\/{rel}","templated":true}]}}