{"id":453,"date":"2011-05-10T12:31:52","date_gmt":"2011-05-10T12:31:52","guid":{"rendered":"http:\/\/periomontreal.com\/wordpress\/?page_id=453"},"modified":"2011-07-13T15:24:34","modified_gmt":"2011-07-13T15:24:34","slug":"urgences","status":"publish","type":"page","link":"https:\/\/periomontreal.com\/fr\/informations-pour-les-patients\/urgences\/","title":{"rendered":"Urgences"},"content":{"rendered":"<p>Nous sommes toujours \u00e0 votre disposition pour r\u00e9pondre \u00e0 vos questions ou pr\u00e9occupations. Veuillez ne pas h\u00e9siter \u00e0 communiquer avec nous par t\u00e9l\u00e9phone ou par courriel durant nos heures d\u2019ouverture. En cas d\u2019urgence lorsque le cabinet est ferm\u00e9, nous avons un secr\u00e9tariat t\u00e9l\u00e9phonique qui garantit que vous aurez toujours l\u2019aide d\u2019un m\u00e9decin.<\/p>\n<p><strong>Pour communiquer avec le secr\u00e9tariat t\u00e9l\u00e9phonique en dehors des heures d\u2019ouverture, appelez le 514.981.5130.<\/strong><\/p>\n","protected":false},"excerpt":{"rendered":"<p>Nous sommes toujours \u00e0 votre disposition pour r\u00e9pondre \u00e0 vos questions ou pr\u00e9occupations. Veuillez ne pas h\u00e9siter \u00e0 communiquer avec nous par t\u00e9l\u00e9phone ou par courriel durant nos heures d\u2019ouverture. En cas d\u2019urgence lorsque le cabinet est ferm\u00e9, nous avons un secr\u00e9tariat t\u00e9l\u00e9phonique qui garantit que vous aurez toujours l\u2019aide d\u2019un m\u00e9decin. Pour communiquer avec [&hellip;]<\/p>\n","protected":false},"author":1,"featured_media":0,"parent":447,"menu_order":3,"comment_status":"open","ping_status":"open","template":"support.php","meta":{"_genesis_hide_title":false,"_genesis_hide_breadcrumbs":false,"_genesis_hide_singular_image":false,"_genesis_hide_footer_widgets":false,"_genesis_custom_body_class":"","_genesis_custom_post_class":"","_genesis_layout":"","footnotes":""},"class_list":{"0":"post-453","1":"page","2":"type-page","3":"status-publish","5":"entry"},"_links":{"self":[{"href":"https:\/\/periomontreal.com\/fr\/wp-json\/wp\/v2\/pages\/453","targetHints":{"allow":["GET"]}}],"collection":[{"href":"https:\/\/periomontreal.com\/fr\/wp-json\/wp\/v2\/pages"}],"about":[{"href":"https:\/\/periomontreal.com\/fr\/wp-json\/wp\/v2\/types\/page"}],"author":[{"embeddable":true,"href":"https:\/\/periomontreal.com\/fr\/wp-json\/wp\/v2\/users\/1"}],"replies":[{"embeddable":true,"href":"https:\/\/periomontreal.com\/fr\/wp-json\/wp\/v2\/comments?post=453"}],"version-history":[{"count":7,"href":"https:\/\/periomontreal.com\/fr\/wp-json\/wp\/v2\/pages\/453\/revisions"}],"predecessor-version":[{"id":850,"href":"https:\/\/periomontreal.com\/fr\/wp-json\/wp\/v2\/pages\/453\/revisions\/850"}],"up":[{"embeddable":true,"href":"https:\/\/periomontreal.com\/fr\/wp-json\/wp\/v2\/pages\/447"}],"wp:attachment":[{"href":"https:\/\/periomontreal.com\/fr\/wp-json\/wp\/v2\/media?parent=453"}],"curies":[{"name":"wp","href":"https:\/\/api.w.org\/{rel}","templated":true}]}}