{"id":455,"date":"2011-05-10T12:32:19","date_gmt":"2011-05-10T12:32:19","guid":{"rendered":"http:\/\/periomontreal.com\/wordpress\/?page_id=455"},"modified":"2011-06-06T18:11:53","modified_gmt":"2011-06-06T18:11:53","slug":"rendez-vous","status":"publish","type":"page","link":"https:\/\/periomontreal.com\/fr\/informations-pour-les-patients\/rendez-vous\/","title":{"rendered":"Visites de rappel"},"content":{"rendered":"<p>La fr\u00e9quence des visites de rappel (examens) est adapt\u00e9e aux besoins de chaque patient et \u00e0 la possibilit\u00e9 de maladie parodontale, mais elle est habituellement de tous les trois mois \u00e0 une fois par an.<\/p>\n<p>La maladie parodontale est un \u00e9tat permanent pouvant \u00eatre ma\u00eetris\u00e9, mais non gu\u00e9ri. Des visites d\u2019entretien et des nettoyages professionnels sont essentiels \u00e0 la r\u00e9ussite du traitement et \u00e0 la pr\u00e9vention de la r\u00e9currence de la maladie parodontale.<\/p>\n","protected":false},"excerpt":{"rendered":"<p>La fr\u00e9quence des visites de rappel (examens) est adapt\u00e9e aux besoins de chaque patient et \u00e0 la possibilit\u00e9 de maladie parodontale, mais elle est habituellement de tous les trois mois \u00e0 une fois par an. La maladie parodontale est un \u00e9tat permanent pouvant \u00eatre ma\u00eetris\u00e9, mais non gu\u00e9ri. Des visites d\u2019entretien et des nettoyages professionnels [&hellip;]<\/p>\n","protected":false},"author":1,"featured_media":0,"parent":447,"menu_order":4,"comment_status":"open","ping_status":"open","template":"support.php","meta":{"_genesis_hide_title":false,"_genesis_hide_breadcrumbs":false,"_genesis_hide_singular_image":false,"_genesis_hide_footer_widgets":false,"_genesis_custom_body_class":"","_genesis_custom_post_class":"","_genesis_layout":"","footnotes":""},"class_list":{"0":"post-455","1":"page","2":"type-page","3":"status-publish","5":"entry"},"_links":{"self":[{"href":"https:\/\/periomontreal.com\/fr\/wp-json\/wp\/v2\/pages\/455","targetHints":{"allow":["GET"]}}],"collection":[{"href":"https:\/\/periomontreal.com\/fr\/wp-json\/wp\/v2\/pages"}],"about":[{"href":"https:\/\/periomontreal.com\/fr\/wp-json\/wp\/v2\/types\/page"}],"author":[{"embeddable":true,"href":"https:\/\/periomontreal.com\/fr\/wp-json\/wp\/v2\/users\/1"}],"replies":[{"embeddable":true,"href":"https:\/\/periomontreal.com\/fr\/wp-json\/wp\/v2\/comments?post=455"}],"version-history":[{"count":3,"href":"https:\/\/periomontreal.com\/fr\/wp-json\/wp\/v2\/pages\/455\/revisions"}],"predecessor-version":[{"id":715,"href":"https:\/\/periomontreal.com\/fr\/wp-json\/wp\/v2\/pages\/455\/revisions\/715"}],"up":[{"embeddable":true,"href":"https:\/\/periomontreal.com\/fr\/wp-json\/wp\/v2\/pages\/447"}],"wp:attachment":[{"href":"https:\/\/periomontreal.com\/fr\/wp-json\/wp\/v2\/media?parent=455"}],"curies":[{"name":"wp","href":"https:\/\/api.w.org\/{rel}","templated":true}]}}