{"id":457,"date":"2011-05-10T12:32:38","date_gmt":"2011-05-10T12:32:38","guid":{"rendered":"http:\/\/periomontreal.com\/wordpress\/?page_id=457"},"modified":"2011-06-06T18:13:42","modified_gmt":"2011-06-06T18:13:42","slug":"options-de-paiement","status":"publish","type":"page","link":"https:\/\/periomontreal.com\/fr\/informations-pour-les-patients\/options-de-paiement\/","title":{"rendered":"Options de paiement"},"content":{"rendered":"<p>Le co\u00fbt d\u2019un traitement parodontal varie selon le type, la difficult\u00e9 et la dur\u00e9e de la proc\u00e9dure ainsi que le mat\u00e9riel utilis\u00e9. Nous croyons que des pr\u00e9occupations financi\u00e8res ne devraient pas emp\u00eacher une personne de recevoir un traitement; c\u2019est pourquoi nous offrons plusieurs options de paiement qui r\u00e9pondront aux besoins de chacun. Nous acceptons Visa et MasterCard ainsi qu\u2019Interac. Si vous d\u00e9tenez une assurance, nous pr\u00e9parerons un formulaire des frais pr\u00e9d\u00e9termin\u00e9s que vous pourrez soumettre \u00e0 votre assureur avant le d\u00e9but du traitement ainsi que tout autre formulaire qui pourrait \u00eatre requis durant et apr\u00e8s le traitement.<\/p>\n","protected":false},"excerpt":{"rendered":"<p>Le co\u00fbt d\u2019un traitement parodontal varie selon le type, la difficult\u00e9 et la dur\u00e9e de la proc\u00e9dure ainsi que le mat\u00e9riel utilis\u00e9. Nous croyons que des pr\u00e9occupations financi\u00e8res ne devraient pas emp\u00eacher une personne de recevoir un traitement; c\u2019est pourquoi nous offrons plusieurs options de paiement qui r\u00e9pondront aux besoins de chacun. Nous acceptons Visa [&hellip;]<\/p>\n","protected":false},"author":1,"featured_media":0,"parent":447,"menu_order":5,"comment_status":"open","ping_status":"open","template":"support.php","meta":{"_genesis_hide_title":false,"_genesis_hide_breadcrumbs":false,"_genesis_hide_singular_image":false,"_genesis_hide_footer_widgets":false,"_genesis_custom_body_class":"","_genesis_custom_post_class":"","_genesis_layout":"","footnotes":""},"class_list":{"0":"post-457","1":"page","2":"type-page","3":"status-publish","5":"entry"},"_links":{"self":[{"href":"https:\/\/periomontreal.com\/fr\/wp-json\/wp\/v2\/pages\/457","targetHints":{"allow":["GET"]}}],"collection":[{"href":"https:\/\/periomontreal.com\/fr\/wp-json\/wp\/v2\/pages"}],"about":[{"href":"https:\/\/periomontreal.com\/fr\/wp-json\/wp\/v2\/types\/page"}],"author":[{"embeddable":true,"href":"https:\/\/periomontreal.com\/fr\/wp-json\/wp\/v2\/users\/1"}],"replies":[{"embeddable":true,"href":"https:\/\/periomontreal.com\/fr\/wp-json\/wp\/v2\/comments?post=457"}],"version-history":[{"count":3,"href":"https:\/\/periomontreal.com\/fr\/wp-json\/wp\/v2\/pages\/457\/revisions"}],"predecessor-version":[{"id":716,"href":"https:\/\/periomontreal.com\/fr\/wp-json\/wp\/v2\/pages\/457\/revisions\/716"}],"up":[{"embeddable":true,"href":"https:\/\/periomontreal.com\/fr\/wp-json\/wp\/v2\/pages\/447"}],"wp:attachment":[{"href":"https:\/\/periomontreal.com\/fr\/wp-json\/wp\/v2\/media?parent=457"}],"curies":[{"name":"wp","href":"https:\/\/api.w.org\/{rel}","templated":true}]}}