{"id":461,"date":"2011-05-10T12:33:20","date_gmt":"2011-05-10T12:33:20","guid":{"rendered":"http:\/\/periomontreal.com\/wordpress\/?page_id=461"},"modified":"2011-06-06T15:58:31","modified_gmt":"2011-06-06T15:58:31","slug":"quest-ce-quun-parodontiste","status":"publish","type":"page","link":"https:\/\/periomontreal.com\/fr\/parodontie\/quest-ce-quun-parodontiste\/","title":{"rendered":"Qu&rsquo;est-ce qu&rsquo;un parodontiste?"},"content":{"rendered":"<p>Un parodontiste est un dentiste sp\u00e9cialis\u00e9 en traitement des gencives et des \u00e9l\u00e9ments de soutien de la dent (p\u00e9riodonte). Les dentistes doivent suivre un programme de postdoctorat en parodontie et dentisterie d\u2019implants, et r\u00e9ussir plusieurs examens de jury suppl\u00e9mentaires afin d\u2019\u00eatre reconnus comme sp\u00e9cialistes.<\/p>\n<p>La dentisterie est compos\u00e9e des dentistes g\u00e9n\u00e9ralistes et de plusieurs sp\u00e9cialit\u00e9s : la parodontie, la prosthodontie, l\u2019orthodontie, l\u2019endodontie, la p\u00e9dodontie, la chirurgie buccale et maxillo-faciale, la pathologie buccale, etc. Bien que les dentistes g\u00e9n\u00e9ralistes puissent effectuer les m\u00eames proc\u00e9dures qu\u2019un sp\u00e9cialiste, plusieurs d\u2019entre eux pr\u00e9f\u00e8rent recommander certains cas \u00e0 un sp\u00e9cialiste (comme la chirurgie des gencives ou les implants dentaires \u00e0 un parodontiste) afin de mieux utiliser leurs connaissances dans le domaine qu\u2019ils ont choisi et offrir le meilleur traitement \u00e0 leurs patients.<\/p>\n","protected":false},"excerpt":{"rendered":"<p>Un parodontiste est un dentiste sp\u00e9cialis\u00e9 en traitement des gencives et des \u00e9l\u00e9ments de soutien de la dent (p\u00e9riodonte). Les dentistes doivent suivre un programme de postdoctorat en parodontie et dentisterie d\u2019implants, et r\u00e9ussir plusieurs examens de jury suppl\u00e9mentaires afin d\u2019\u00eatre reconnus comme sp\u00e9cialistes. La dentisterie est compos\u00e9e des dentistes g\u00e9n\u00e9ralistes et de plusieurs sp\u00e9cialit\u00e9s [&hellip;]<\/p>\n","protected":false},"author":1,"featured_media":0,"parent":459,"menu_order":1,"comment_status":"open","ping_status":"open","template":"support.php","meta":{"_genesis_hide_title":false,"_genesis_hide_breadcrumbs":false,"_genesis_hide_singular_image":false,"_genesis_hide_footer_widgets":false,"_genesis_custom_body_class":"","_genesis_custom_post_class":"","_genesis_layout":"","footnotes":""},"class_list":{"0":"post-461","1":"page","2":"type-page","3":"status-publish","5":"entry"},"_links":{"self":[{"href":"https:\/\/periomontreal.com\/fr\/wp-json\/wp\/v2\/pages\/461","targetHints":{"allow":["GET"]}}],"collection":[{"href":"https:\/\/periomontreal.com\/fr\/wp-json\/wp\/v2\/pages"}],"about":[{"href":"https:\/\/periomontreal.com\/fr\/wp-json\/wp\/v2\/types\/page"}],"author":[{"embeddable":true,"href":"https:\/\/periomontreal.com\/fr\/wp-json\/wp\/v2\/users\/1"}],"replies":[{"embeddable":true,"href":"https:\/\/periomontreal.com\/fr\/wp-json\/wp\/v2\/comments?post=461"}],"version-history":[{"count":3,"href":"https:\/\/periomontreal.com\/fr\/wp-json\/wp\/v2\/pages\/461\/revisions"}],"predecessor-version":[{"id":665,"href":"https:\/\/periomontreal.com\/fr\/wp-json\/wp\/v2\/pages\/461\/revisions\/665"}],"up":[{"embeddable":true,"href":"https:\/\/periomontreal.com\/fr\/wp-json\/wp\/v2\/pages\/459"}],"wp:attachment":[{"href":"https:\/\/periomontreal.com\/fr\/wp-json\/wp\/v2\/media?parent=461"}],"curies":[{"name":"wp","href":"https:\/\/api.w.org\/{rel}","templated":true}]}}