{"id":463,"date":"2011-05-10T12:34:21","date_gmt":"2011-05-10T12:34:21","guid":{"rendered":"http:\/\/periomontreal.com\/wordpress\/?page_id=463"},"modified":"2011-06-06T16:01:37","modified_gmt":"2011-06-06T16:01:37","slug":"quest-ce-que-la-maladie-parodontale","status":"publish","type":"page","link":"https:\/\/periomontreal.com\/fr\/parodontie\/quest-ce-que-la-maladie-parodontale\/","title":{"rendered":"Qu&rsquo;est-ce que la maladie parodontale?"},"content":{"rendered":"<p>La maladie parodontale est un \u00e9tat chronique pouvant \u00eatre ma\u00eetris\u00e9, mais jamais gu\u00e9ri compl\u00e8tement. Elle commence habituellement par une inflammation des gencives (gingivite) en r\u00e9action \u00e0 la plaque, qui est compos\u00e9e de plusieurs diff\u00e9rents types de bact\u00e9ries. Si on ne les combat pas, ces bact\u00e9ries demeurent sous les gencives et peuvent par la suite toucher l\u2019os sous-jacent, qui est le principal soutien des dents. Ce stade avanc\u00e9 de la maladie parodontale (parodontite) est plus difficile \u00e0 traiter et cause souvent des dommages irr\u00e9versibles aux \u00e9l\u00e9ments de soutien, ce qui explique l\u2019importance de d\u00e9celer cette maladie \u00e0 ses d\u00e9buts.<\/p>\n<p>Une fois que la bact\u00e9rie commence \u00e0 gruger la masse osseuse, les gencives peuvent r\u00e9agir de deux fa\u00e7ons : en enflant et en s\u2019\u00e9largissant, cr\u00e9ant une \u00ab poche \u00bb \u00e0 la base de laquelle les bact\u00e9ries peuvent loger et poursuivre leur destruction, hors d\u2019atteinte de la brosse \u00e0 dents et de la soie dentaire. Inversement, les gencives peuvent aussi r\u00e9agir \u00e0 l\u2019assaut des bact\u00e9ries en r\u00e9tr\u00e9cissant, ce qui entra\u00eene une r\u00e9cession et l\u2019exposition de la racine de la dent. Les deux types de cas son trait\u00e9s diff\u00e9remment, mais le but ultime de toute proc\u00e9dure parodontale est toujours le m\u00eame : r\u00e9duire la quantit\u00e9 de bact\u00e9ries, diminuer l\u2019inflammation et cr\u00e9er un environnement pouvant \u00eatre maintenu au fil du temps \u00e0 l\u2019aide d\u2019une bonne hygi\u00e8ne buccale de la part du patient et des visites d\u2019entretien r\u00e9guli\u00e8res.<\/p>\n","protected":false},"excerpt":{"rendered":"<p>La maladie parodontale est un \u00e9tat chronique pouvant \u00eatre ma\u00eetris\u00e9, mais jamais gu\u00e9ri compl\u00e8tement. Elle commence habituellement par une inflammation des gencives (gingivite) en r\u00e9action \u00e0 la plaque, qui est compos\u00e9e de plusieurs diff\u00e9rents types de bact\u00e9ries. Si on ne les combat pas, ces bact\u00e9ries demeurent sous les gencives et peuvent par la suite toucher [&hellip;]<\/p>\n","protected":false},"author":1,"featured_media":0,"parent":459,"menu_order":2,"comment_status":"open","ping_status":"open","template":"support.php","meta":{"_genesis_hide_title":false,"_genesis_hide_breadcrumbs":false,"_genesis_hide_singular_image":false,"_genesis_hide_footer_widgets":false,"_genesis_custom_body_class":"","_genesis_custom_post_class":"","_genesis_layout":"","footnotes":""},"class_list":{"0":"post-463","1":"page","2":"type-page","3":"status-publish","5":"entry"},"_links":{"self":[{"href":"https:\/\/periomontreal.com\/fr\/wp-json\/wp\/v2\/pages\/463","targetHints":{"allow":["GET"]}}],"collection":[{"href":"https:\/\/periomontreal.com\/fr\/wp-json\/wp\/v2\/pages"}],"about":[{"href":"https:\/\/periomontreal.com\/fr\/wp-json\/wp\/v2\/types\/page"}],"author":[{"embeddable":true,"href":"https:\/\/periomontreal.com\/fr\/wp-json\/wp\/v2\/users\/1"}],"replies":[{"embeddable":true,"href":"https:\/\/periomontreal.com\/fr\/wp-json\/wp\/v2\/comments?post=463"}],"version-history":[{"count":4,"href":"https:\/\/periomontreal.com\/fr\/wp-json\/wp\/v2\/pages\/463\/revisions"}],"predecessor-version":[{"id":666,"href":"https:\/\/periomontreal.com\/fr\/wp-json\/wp\/v2\/pages\/463\/revisions\/666"}],"up":[{"embeddable":true,"href":"https:\/\/periomontreal.com\/fr\/wp-json\/wp\/v2\/pages\/459"}],"wp:attachment":[{"href":"https:\/\/periomontreal.com\/fr\/wp-json\/wp\/v2\/media?parent=463"}],"curies":[{"name":"wp","href":"https:\/\/api.w.org\/{rel}","templated":true}]}}