{"id":465,"date":"2011-05-10T12:34:46","date_gmt":"2011-05-10T12:34:46","guid":{"rendered":"http:\/\/periomontreal.com\/wordpress\/?page_id=465"},"modified":"2011-06-06T16:02:24","modified_gmt":"2011-06-06T16:02:24","slug":"signes-de-maladie-parondontale","status":"publish","type":"page","link":"https:\/\/periomontreal.com\/fr\/parodontie\/signes-de-maladie-parondontale\/","title":{"rendered":"Sympt\u00f4mes de maladie parondontale"},"content":{"rendered":"<p>La maladie parodontale commence par une inflammation des gencives. Elle peut se traduire par des gencives qui saignent lors de l\u2019utilisation de la soie dentaire, le brossage ou m\u00eame lors de la mastication d\u2019aliments. La douleur peut aussi \u00eatre pr\u00e9sente, mais elle survient habituellement seulement lorsque la maladie est \u00e0 un stade avanc\u00e9. La r\u00e9cession des gencives est aussi un signe courant et peut comprendre la sensibilit\u00e9 des dents touch\u00e9es \u00e0 l\u2019air froid, \u00e0 la nourriture ou aux liquides. Une mauvaise haleine et des dents branlantes sont un autre sympt\u00f4me de la maladie parodontale, et il faut en parler \u00e0 votre dentiste ou parodontiste d\u00e8s que possible.<\/p>\n","protected":false},"excerpt":{"rendered":"<p>La maladie parodontale commence par une inflammation des gencives. Elle peut se traduire par des gencives qui saignent lors de l\u2019utilisation de la soie dentaire, le brossage ou m\u00eame lors de la mastication d\u2019aliments. La douleur peut aussi \u00eatre pr\u00e9sente, mais elle survient habituellement seulement lorsque la maladie est \u00e0 un stade avanc\u00e9. La r\u00e9cession [&hellip;]<\/p>\n","protected":false},"author":1,"featured_media":0,"parent":459,"menu_order":3,"comment_status":"open","ping_status":"open","template":"support.php","meta":{"_genesis_hide_title":false,"_genesis_hide_breadcrumbs":false,"_genesis_hide_singular_image":false,"_genesis_hide_footer_widgets":false,"_genesis_custom_body_class":"","_genesis_custom_post_class":"","_genesis_layout":"","footnotes":""},"class_list":{"0":"post-465","1":"page","2":"type-page","3":"status-publish","5":"entry"},"_links":{"self":[{"href":"https:\/\/periomontreal.com\/fr\/wp-json\/wp\/v2\/pages\/465","targetHints":{"allow":["GET"]}}],"collection":[{"href":"https:\/\/periomontreal.com\/fr\/wp-json\/wp\/v2\/pages"}],"about":[{"href":"https:\/\/periomontreal.com\/fr\/wp-json\/wp\/v2\/types\/page"}],"author":[{"embeddable":true,"href":"https:\/\/periomontreal.com\/fr\/wp-json\/wp\/v2\/users\/1"}],"replies":[{"embeddable":true,"href":"https:\/\/periomontreal.com\/fr\/wp-json\/wp\/v2\/comments?post=465"}],"version-history":[{"count":3,"href":"https:\/\/periomontreal.com\/fr\/wp-json\/wp\/v2\/pages\/465\/revisions"}],"predecessor-version":[{"id":668,"href":"https:\/\/periomontreal.com\/fr\/wp-json\/wp\/v2\/pages\/465\/revisions\/668"}],"up":[{"embeddable":true,"href":"https:\/\/periomontreal.com\/fr\/wp-json\/wp\/v2\/pages\/459"}],"wp:attachment":[{"href":"https:\/\/periomontreal.com\/fr\/wp-json\/wp\/v2\/media?parent=465"}],"curies":[{"name":"wp","href":"https:\/\/api.w.org\/{rel}","templated":true}]}}