{"id":467,"date":"2011-05-10T12:35:22","date_gmt":"2011-05-10T12:35:22","guid":{"rendered":"http:\/\/periomontreal.com\/wordpress\/?page_id=467"},"modified":"2011-06-09T16:18:30","modified_gmt":"2011-06-09T16:18:30","slug":"traiter-la-maladie-parodontale","status":"publish","type":"page","link":"https:\/\/periomontreal.com\/fr\/parodontie\/traiter-la-maladie-parodontale\/","title":{"rendered":"Traitement de la maladie parodontale"},"content":{"rendered":"<p>Le but de toute proc\u00e9dure parodontale est toujours le m\u00eame : r\u00e9duire la quantit\u00e9 de bact\u00e9ries, diminuer l\u2019inflammation et cr\u00e9er un environnement pouvant \u00eatre maintenu au fil du temps \u00e0 l\u2019aide d\u2019une bonne hygi\u00e8ne buccale de la part du patient et des visites d\u2019entretien r\u00e9guli\u00e8res.<\/p>\n<p>Dans le cas o\u00f9 il y a eu perte de gencive ou de masse osseuse en raison de la maladie parodontale, il est possible de r\u00e9g\u00e9n\u00e9rer ces tissus. Ces techniques de greffe osseuse et gingivale sont la fa\u00e7on id\u00e9ale de traiter la maladie parodontale, mais ne peuvent pas \u00eatre utilis\u00e9es dans tous les cas; cela d\u00e9pend de leur gravit\u00e9. D\u2019autres proc\u00e9dures chirurgicales, bien que non con\u00e7ues pour la r\u00e9g\u00e9n\u00e9ration des tissus, sont aussi utilis\u00e9es pour r\u00e9tablir la sant\u00e9 des gencives d\u2019un patient.<\/p>\n<p>Lorsque la perte de masse osseuse autour d\u2019une dent est trop avanc\u00e9e pour le traitement, il est habituellement avantageux pour le patient d\u2019extraire la dent, de faire une <a title=\"Greffe osseuse\" href=\"http:\/\/periomontreal.com\/wordpress\/?page_id=493&amp;lang=fr\">greffe osseuse<\/a> afin de r\u00e9g\u00e9n\u00e9rer le plus d\u2019os possible, puis de remplacer la dent par un <a title=\"Qu\u2019est-ce qu\u2019un implant dentaire?\" href=\"http:\/\/periomontreal.com\/wordpress\/?page_id=409&amp;lang=fr\">implant dentaire<\/a>.<\/p>\n","protected":false},"excerpt":{"rendered":"<p>Le but de toute proc\u00e9dure parodontale est toujours le m\u00eame : r\u00e9duire la quantit\u00e9 de bact\u00e9ries, diminuer l\u2019inflammation et cr\u00e9er un environnement pouvant \u00eatre maintenu au fil du temps \u00e0 l\u2019aide d\u2019une bonne hygi\u00e8ne buccale de la part du patient et des visites d\u2019entretien r\u00e9guli\u00e8res. Dans le cas o\u00f9 il y a eu perte de [&hellip;]<\/p>\n","protected":false},"author":1,"featured_media":0,"parent":459,"menu_order":4,"comment_status":"open","ping_status":"open","template":"support.php","meta":{"_genesis_hide_title":false,"_genesis_hide_breadcrumbs":false,"_genesis_hide_singular_image":false,"_genesis_hide_footer_widgets":false,"_genesis_custom_body_class":"","_genesis_custom_post_class":"","_genesis_layout":"","footnotes":""},"class_list":{"0":"post-467","1":"page","2":"type-page","3":"status-publish","5":"entry"},"_links":{"self":[{"href":"https:\/\/periomontreal.com\/fr\/wp-json\/wp\/v2\/pages\/467","targetHints":{"allow":["GET"]}}],"collection":[{"href":"https:\/\/periomontreal.com\/fr\/wp-json\/wp\/v2\/pages"}],"about":[{"href":"https:\/\/periomontreal.com\/fr\/wp-json\/wp\/v2\/types\/page"}],"author":[{"embeddable":true,"href":"https:\/\/periomontreal.com\/fr\/wp-json\/wp\/v2\/users\/1"}],"replies":[{"embeddable":true,"href":"https:\/\/periomontreal.com\/fr\/wp-json\/wp\/v2\/comments?post=467"}],"version-history":[{"count":5,"href":"https:\/\/periomontreal.com\/fr\/wp-json\/wp\/v2\/pages\/467\/revisions"}],"predecessor-version":[{"id":670,"href":"https:\/\/periomontreal.com\/fr\/wp-json\/wp\/v2\/pages\/467\/revisions\/670"}],"up":[{"embeddable":true,"href":"https:\/\/periomontreal.com\/fr\/wp-json\/wp\/v2\/pages\/459"}],"wp:attachment":[{"href":"https:\/\/periomontreal.com\/fr\/wp-json\/wp\/v2\/media?parent=467"}],"curies":[{"name":"wp","href":"https:\/\/api.w.org\/{rel}","templated":true}]}}