{"id":471,"date":"2011-05-10T12:35:57","date_gmt":"2011-05-10T12:35:57","guid":{"rendered":"http:\/\/periomontreal.com\/wordpress\/?page_id=471"},"modified":"2011-06-06T16:54:03","modified_gmt":"2011-06-06T16:54:03","slug":"entretien","status":"publish","type":"page","link":"https:\/\/periomontreal.com\/fr\/parodontie\/entretien\/","title":{"rendered":"Entretien parodontal"},"content":{"rendered":"<p>La maladie parodontale est un \u00e9tat permanent pouvant \u00eatre ma\u00eetris\u00e9, mais non gu\u00e9ri. Des visites d\u2019entretien et des nettoyages professionnels sont essentiels \u00e0 la r\u00e9ussite du traitement et \u00e0 la pr\u00e9vention de la r\u00e9currence de la maladie parodontale.<\/p>\n<p>La g\u00e9n\u00e9tique joue un r\u00f4le important (jusqu\u2019\u00e0 50\u00a0%, selon les \u00e9tudes) dans la possibilit\u00e9 qu\u2019un patient souffre de maladie parodontale. Pour certaines personnes, la brosse \u00e0 dents et la soie dentaire, bien utilis\u00e9s ou non, ne suffisent pas \u00e0 \u00e9viter la maladie des gencives. Des nettoyages professionnels effectu\u00e9s par un dentiste ou une hygi\u00e9niste dentaire \u00e0 intervalles r\u00e9guliers sont essentiels au maintien d\u2019un p\u00e9riodonte en sant\u00e9. La fr\u00e9quence des visites d\u2019entretien (examens) est adapt\u00e9e aux besoins de chaque patient et \u00e0 la possibilit\u00e9 de maladie des gencives, mais elle est habituellement de tous les trois mois \u00e0 une fois par an.<\/p>\n","protected":false},"excerpt":{"rendered":"<p>La maladie parodontale est un \u00e9tat permanent pouvant \u00eatre ma\u00eetris\u00e9, mais non gu\u00e9ri. Des visites d\u2019entretien et des nettoyages professionnels sont essentiels \u00e0 la r\u00e9ussite du traitement et \u00e0 la pr\u00e9vention de la r\u00e9currence de la maladie parodontale. La g\u00e9n\u00e9tique joue un r\u00f4le important (jusqu\u2019\u00e0 50\u00a0%, selon les \u00e9tudes) dans la possibilit\u00e9 qu\u2019un patient souffre [&hellip;]<\/p>\n","protected":false},"author":1,"featured_media":0,"parent":459,"menu_order":6,"comment_status":"open","ping_status":"open","template":"support.php","meta":{"_genesis_hide_title":false,"_genesis_hide_breadcrumbs":false,"_genesis_hide_singular_image":false,"_genesis_hide_footer_widgets":false,"_genesis_custom_body_class":"","_genesis_custom_post_class":"","_genesis_layout":"","footnotes":""},"class_list":{"0":"post-471","1":"page","2":"type-page","3":"status-publish","5":"entry"},"_links":{"self":[{"href":"https:\/\/periomontreal.com\/fr\/wp-json\/wp\/v2\/pages\/471","targetHints":{"allow":["GET"]}}],"collection":[{"href":"https:\/\/periomontreal.com\/fr\/wp-json\/wp\/v2\/pages"}],"about":[{"href":"https:\/\/periomontreal.com\/fr\/wp-json\/wp\/v2\/types\/page"}],"author":[{"embeddable":true,"href":"https:\/\/periomontreal.com\/fr\/wp-json\/wp\/v2\/users\/1"}],"replies":[{"embeddable":true,"href":"https:\/\/periomontreal.com\/fr\/wp-json\/wp\/v2\/comments?post=471"}],"version-history":[{"count":3,"href":"https:\/\/periomontreal.com\/fr\/wp-json\/wp\/v2\/pages\/471\/revisions"}],"predecessor-version":[{"id":673,"href":"https:\/\/periomontreal.com\/fr\/wp-json\/wp\/v2\/pages\/471\/revisions\/673"}],"up":[{"embeddable":true,"href":"https:\/\/periomontreal.com\/fr\/wp-json\/wp\/v2\/pages\/459"}],"wp:attachment":[{"href":"https:\/\/periomontreal.com\/fr\/wp-json\/wp\/v2\/media?parent=471"}],"curies":[{"name":"wp","href":"https:\/\/api.w.org\/{rel}","templated":true}]}}