{"id":481,"date":"2011-05-10T12:37:28","date_gmt":"2011-05-10T12:37:28","guid":{"rendered":"http:\/\/periomontreal.com\/wordpress\/?page_id=481"},"modified":"2014-11-18T20:08:04","modified_gmt":"2014-11-18T20:08:04","slug":"traitements-et-services","status":"publish","type":"page","link":"https:\/\/periomontreal.com\/fr\/traitements-et-services\/","title":{"rendered":"Services"},"content":{"rendered":"<p>La maladie parodontale est complexe et peut se pr\u00e9senter sous diff\u00e9rentes formes et divers degr\u00e9s de gravit\u00e9. Sa gestion requiert souvent plusieurs proc\u00e9dures diff\u00e9rentes, et m\u00eame diff\u00e9rents types de traitement afin de ma\u00eetriser la maladie et de r\u00e9tablir la sant\u00e9 des gencives. Ces proc\u00e9dures peuvent aller d\u2019un simple nettoyage \u00e0 des greffes gingivales compliqu\u00e9es en passant par un remplacement de toutes les dents par des implants dentaires. Comme chaque patient et chaque cas sont diff\u00e9rents, un plan de traitement personnalis\u00e9 est \u00e9tabli et discut\u00e9 avec le patient avant le d\u00e9but du traitement. Nous r\u00e9pondrons avec plaisir aux questions et pr\u00e9occupations \u00e0 n\u2019importe quelle visite, et n\u2019h\u00e9sitez pas \u00e0 consulter l\u2019information sur notre site Web, notamment des vid\u00e9os sur la maladie parodontale et les diff\u00e9rents traitements que nous offrons.<\/p>\n","protected":false},"excerpt":{"rendered":"<p>La maladie parodontale est complexe et peut se pr\u00e9senter sous diff\u00e9rentes formes et divers degr\u00e9s de gravit\u00e9. Sa gestion requiert souvent plusieurs proc\u00e9dures diff\u00e9rentes, et m\u00eame diff\u00e9rents types de traitement afin de ma\u00eetriser la maladie et de r\u00e9tablir la sant\u00e9 des gencives. Ces proc\u00e9dures peuvent aller d\u2019un simple nettoyage \u00e0 des greffes gingivales compliqu\u00e9es en [&hellip;]<\/p>\n","protected":false},"author":1,"featured_media":0,"parent":0,"menu_order":0,"comment_status":"open","ping_status":"open","template":"","meta":{"_genesis_hide_title":false,"_genesis_hide_breadcrumbs":false,"_genesis_hide_singular_image":false,"_genesis_hide_footer_widgets":false,"_genesis_custom_body_class":"","_genesis_custom_post_class":"","_genesis_layout":"","footnotes":""},"class_list":{"0":"post-481","1":"page","2":"type-page","3":"status-publish","5":"entry"},"_links":{"self":[{"href":"https:\/\/periomontreal.com\/fr\/wp-json\/wp\/v2\/pages\/481","targetHints":{"allow":["GET"]}}],"collection":[{"href":"https:\/\/periomontreal.com\/fr\/wp-json\/wp\/v2\/pages"}],"about":[{"href":"https:\/\/periomontreal.com\/fr\/wp-json\/wp\/v2\/types\/page"}],"author":[{"embeddable":true,"href":"https:\/\/periomontreal.com\/fr\/wp-json\/wp\/v2\/users\/1"}],"replies":[{"embeddable":true,"href":"https:\/\/periomontreal.com\/fr\/wp-json\/wp\/v2\/comments?post=481"}],"version-history":[{"count":4,"href":"https:\/\/periomontreal.com\/fr\/wp-json\/wp\/v2\/pages\/481\/revisions"}],"predecessor-version":[{"id":871,"href":"https:\/\/periomontreal.com\/fr\/wp-json\/wp\/v2\/pages\/481\/revisions\/871"}],"wp:attachment":[{"href":"https:\/\/periomontreal.com\/fr\/wp-json\/wp\/v2\/media?parent=481"}],"curies":[{"name":"wp","href":"https:\/\/api.w.org\/{rel}","templated":true}]}}