{"id":483,"date":"2011-05-10T12:37:44","date_gmt":"2011-05-10T12:37:44","guid":{"rendered":"http:\/\/periomontreal.com\/wordpress\/?page_id=483"},"modified":"2011-06-06T17:50:12","modified_gmt":"2011-06-06T17:50:12","slug":"premiere-visite","status":"publish","type":"page","link":"https:\/\/periomontreal.com\/fr\/traitements-et-services\/premiere-visite\/","title":{"rendered":"Premi\u00e8re visite"},"content":{"rendered":"<p>La premi\u00e8re visite \u00e0 un cabinet de dentiste est tr\u00e8s importante, car c\u2019est la premi\u00e8re occasion de tisser un lien entre le dentiste et le patient. Le rendez-vous initial \u00e0 notre cabinet sert \u00e0 donner au parodontiste et au patient suffisamment de temps pour r\u00e9pondre aux questions des deux parties. Pour le parodontiste, il s\u2019agit de recueillir toute l\u2019information n\u00e9cessaire durant une \u00e9valuation approfondie et un examen des ant\u00e9c\u00e9dents m\u00e9dicaux, avoir une id\u00e9e des attentes et des peurs du patient et l\u2019informer sur son \u00e9tat. Pour le patient, c\u2019est la premi\u00e8re occasion de poser des questions sur le traitement.<\/p>\n<ul>\n<li>Y a-t-il un probl\u00e8me parodontal (gencives)?<\/li>\n<li>Quand le traitement doit-il \u00eatre fait?<\/li>\n<li>Quel genre de traitement peut ou doit \u00eatre fait?<\/li>\n<li>Combien de temps durera le traitement?<\/li>\n<li>\u00c0 quoi devrais-je m\u2019attendre apr\u00e8s le traitement?<\/li>\n<li>Combien co\u00fbte le traitement et quelles ententes financi\u00e8res peuvent \u00eatre prises?<\/li>\n<\/ul>\n<p>\u00c0 notre cabinet, l\u2019objectif est de r\u00e9pondre \u00e0 toutes ces questions dans un milieu d\u00e9tendu, sans contraintes de temps. Nous croyons qu\u2019il est tr\u00e8s important de mettre le patient \u00e0 l\u2019aise durant toutes les \u00e9tapes du traitement. Des patients heureux font des dentistes heureux!<\/p>\n","protected":false},"excerpt":{"rendered":"<p>La premi\u00e8re visite \u00e0 un cabinet de dentiste est tr\u00e8s importante, car c\u2019est la premi\u00e8re occasion de tisser un lien entre le dentiste et le patient. Le rendez-vous initial \u00e0 notre cabinet sert \u00e0 donner au parodontiste et au patient suffisamment de temps pour r\u00e9pondre aux questions des deux parties. Pour le parodontiste, il s\u2019agit [&hellip;]<\/p>\n","protected":false},"author":1,"featured_media":0,"parent":481,"menu_order":1,"comment_status":"open","ping_status":"open","template":"support.php","meta":{"_genesis_hide_title":false,"_genesis_hide_breadcrumbs":false,"_genesis_hide_singular_image":false,"_genesis_hide_footer_widgets":false,"_genesis_custom_body_class":"","_genesis_custom_post_class":"","_genesis_layout":"","footnotes":""},"class_list":{"0":"post-483","1":"page","2":"type-page","3":"status-publish","5":"entry"},"_links":{"self":[{"href":"https:\/\/periomontreal.com\/fr\/wp-json\/wp\/v2\/pages\/483","targetHints":{"allow":["GET"]}}],"collection":[{"href":"https:\/\/periomontreal.com\/fr\/wp-json\/wp\/v2\/pages"}],"about":[{"href":"https:\/\/periomontreal.com\/fr\/wp-json\/wp\/v2\/types\/page"}],"author":[{"embeddable":true,"href":"https:\/\/periomontreal.com\/fr\/wp-json\/wp\/v2\/users\/1"}],"replies":[{"embeddable":true,"href":"https:\/\/periomontreal.com\/fr\/wp-json\/wp\/v2\/comments?post=483"}],"version-history":[{"count":7,"href":"https:\/\/periomontreal.com\/fr\/wp-json\/wp\/v2\/pages\/483\/revisions"}],"predecessor-version":[{"id":677,"href":"https:\/\/periomontreal.com\/fr\/wp-json\/wp\/v2\/pages\/483\/revisions\/677"}],"up":[{"embeddable":true,"href":"https:\/\/periomontreal.com\/fr\/wp-json\/wp\/v2\/pages\/481"}],"wp:attachment":[{"href":"https:\/\/periomontreal.com\/fr\/wp-json\/wp\/v2\/media?parent=483"}],"curies":[{"name":"wp","href":"https:\/\/api.w.org\/{rel}","templated":true}]}}