{"id":485,"date":"2011-05-10T12:38:04","date_gmt":"2011-05-10T12:38:04","guid":{"rendered":"http:\/\/periomontreal.com\/wordpress\/?page_id=485"},"modified":"2011-06-06T17:19:45","modified_gmt":"2011-06-06T17:19:45","slug":"reevalutation","status":"publish","type":"page","link":"https:\/\/periomontreal.com\/fr\/traitements-et-services\/reevalutation\/","title":{"rendered":"Nouvelles \u00e9valutations"},"content":{"rendered":"<p>Apr\u00e8s toute proc\u00e9dure parodontale, un ou plusieurs brefs rendez-vous sont n\u00e9cessaires pour \u00e9valuer \u00e0 nouveau l\u2019\u00e9tat des gencives et surveiller le progr\u00e8s de la gu\u00e9rison. Ces \u00e9valuations sont aussi faites \u00e0 chaque visite de rappel (examen), m\u00eame plusieurs ann\u00e9es apr\u00e8s la chirurgie. Si, \u00e0 un moment quelconque au cours d\u2019une nouvelle \u00e9valuation, on d\u00e9couvre que le processus de la maladie a recommenc\u00e9, un traitement sera alors indiqu\u00e9.<\/p>\n","protected":false},"excerpt":{"rendered":"<p>Apr\u00e8s toute proc\u00e9dure parodontale, un ou plusieurs brefs rendez-vous sont n\u00e9cessaires pour \u00e9valuer \u00e0 nouveau l\u2019\u00e9tat des gencives et surveiller le progr\u00e8s de la gu\u00e9rison. Ces \u00e9valuations sont aussi faites \u00e0 chaque visite de rappel (examen), m\u00eame plusieurs ann\u00e9es apr\u00e8s la chirurgie. Si, \u00e0 un moment quelconque au cours d\u2019une nouvelle \u00e9valuation, on d\u00e9couvre que [&hellip;]<\/p>\n","protected":false},"author":1,"featured_media":0,"parent":481,"menu_order":2,"comment_status":"open","ping_status":"open","template":"support.php","meta":{"_genesis_hide_title":false,"_genesis_hide_breadcrumbs":false,"_genesis_hide_singular_image":false,"_genesis_hide_footer_widgets":false,"_genesis_custom_body_class":"","_genesis_custom_post_class":"","_genesis_layout":"","footnotes":""},"class_list":{"0":"post-485","1":"page","2":"type-page","3":"status-publish","5":"entry"},"_links":{"self":[{"href":"https:\/\/periomontreal.com\/fr\/wp-json\/wp\/v2\/pages\/485","targetHints":{"allow":["GET"]}}],"collection":[{"href":"https:\/\/periomontreal.com\/fr\/wp-json\/wp\/v2\/pages"}],"about":[{"href":"https:\/\/periomontreal.com\/fr\/wp-json\/wp\/v2\/types\/page"}],"author":[{"embeddable":true,"href":"https:\/\/periomontreal.com\/fr\/wp-json\/wp\/v2\/users\/1"}],"replies":[{"embeddable":true,"href":"https:\/\/periomontreal.com\/fr\/wp-json\/wp\/v2\/comments?post=485"}],"version-history":[{"count":3,"href":"https:\/\/periomontreal.com\/fr\/wp-json\/wp\/v2\/pages\/485\/revisions"}],"predecessor-version":[{"id":681,"href":"https:\/\/periomontreal.com\/fr\/wp-json\/wp\/v2\/pages\/485\/revisions\/681"}],"up":[{"embeddable":true,"href":"https:\/\/periomontreal.com\/fr\/wp-json\/wp\/v2\/pages\/481"}],"wp:attachment":[{"href":"https:\/\/periomontreal.com\/fr\/wp-json\/wp\/v2\/media?parent=485"}],"curies":[{"name":"wp","href":"https:\/\/api.w.org\/{rel}","templated":true}]}}