{"id":487,"date":"2011-05-10T12:38:39","date_gmt":"2011-05-10T12:38:39","guid":{"rendered":"http:\/\/periomontreal.com\/wordpress\/?page_id=487"},"modified":"2011-06-06T17:22:47","modified_gmt":"2011-06-06T17:22:47","slug":"hygiene-dentaire","status":"publish","type":"page","link":"https:\/\/periomontreal.com\/fr\/traitements-et-services\/hygiene-dentaire\/","title":{"rendered":"Aide \u00e0 l&rsquo;hygi\u00e8ne buccale"},"content":{"rendered":"<p>Plusieurs outils ou appareils sont offerts aux patients pour les aider \u00e0 maintenir une bonne hygi\u00e8ne buccale personnelle. La brosse \u00e0 dents, manuelle ou \u00e9lectrique, et la soie dentaire sont s\u00fbrement les plus courants et contribuent de fa\u00e7on importante au maintien de la sant\u00e9 des dents et des gencives lorsqu\u2019on les utilise correctement. Plusieurs autres outils, comme la brossette interdentaire et la pointe en caoutchouc sont aussi des outils pr\u00e9cieux et peuvent aider \u00e0 nettoyer les endroits que la brosse \u00e0 dents ou la soie dentaire n\u2019atteignent pas. Le nettoyage sous les ponts et autour des appareils orthodontiques est souvent difficile, mais on peut utiliser des appareils qui faciliteront la t\u00e2che. Il existe aussi certains appareils pour les patients dont la dext\u00e9rit\u00e9 est restreinte afin que leur hygi\u00e8ne buccale n\u2019en souffre pas.<\/p>\n<p>Informez-vous aupr\u00e8s de votre dentiste ou de votre hygi\u00e9niste \u00e0 propos de ces aides \u00e0 l\u2019hygi\u00e8ne buccale, et demandez-leur s\u2019il serait avantageux pour vous de vous les procurer.<\/p>\n<p>N\u2019oubliez pas que l\u2019utilisation de la brosse \u00e0 dents, de la soie dentaire ou de tout autre instrument doit se faire avec pr\u00e9caution. Tous ces outils peuvent causer plus de mal que de bien si on ne les utilise pas correctement.<\/p>\n","protected":false},"excerpt":{"rendered":"<p>Plusieurs outils ou appareils sont offerts aux patients pour les aider \u00e0 maintenir une bonne hygi\u00e8ne buccale personnelle. La brosse \u00e0 dents, manuelle ou \u00e9lectrique, et la soie dentaire sont s\u00fbrement les plus courants et contribuent de fa\u00e7on importante au maintien de la sant\u00e9 des dents et des gencives lorsqu\u2019on les utilise correctement. Plusieurs autres [&hellip;]<\/p>\n","protected":false},"author":1,"featured_media":0,"parent":481,"menu_order":3,"comment_status":"open","ping_status":"open","template":"support.php","meta":{"_genesis_hide_title":false,"_genesis_hide_breadcrumbs":false,"_genesis_hide_singular_image":false,"_genesis_hide_footer_widgets":false,"_genesis_custom_body_class":"","_genesis_custom_post_class":"","_genesis_layout":"","footnotes":""},"class_list":{"0":"post-487","1":"page","2":"type-page","3":"status-publish","5":"entry"},"_links":{"self":[{"href":"https:\/\/periomontreal.com\/fr\/wp-json\/wp\/v2\/pages\/487","targetHints":{"allow":["GET"]}}],"collection":[{"href":"https:\/\/periomontreal.com\/fr\/wp-json\/wp\/v2\/pages"}],"about":[{"href":"https:\/\/periomontreal.com\/fr\/wp-json\/wp\/v2\/types\/page"}],"author":[{"embeddable":true,"href":"https:\/\/periomontreal.com\/fr\/wp-json\/wp\/v2\/users\/1"}],"replies":[{"embeddable":true,"href":"https:\/\/periomontreal.com\/fr\/wp-json\/wp\/v2\/comments?post=487"}],"version-history":[{"count":5,"href":"https:\/\/periomontreal.com\/fr\/wp-json\/wp\/v2\/pages\/487\/revisions"}],"predecessor-version":[{"id":684,"href":"https:\/\/periomontreal.com\/fr\/wp-json\/wp\/v2\/pages\/487\/revisions\/684"}],"up":[{"embeddable":true,"href":"https:\/\/periomontreal.com\/fr\/wp-json\/wp\/v2\/pages\/481"}],"wp:attachment":[{"href":"https:\/\/periomontreal.com\/fr\/wp-json\/wp\/v2\/media?parent=487"}],"curies":[{"name":"wp","href":"https:\/\/api.w.org\/{rel}","templated":true}]}}