{"id":489,"date":"2011-05-10T12:40:10","date_gmt":"2011-05-10T12:40:10","guid":{"rendered":"http:\/\/periomontreal.com\/wordpress\/?page_id=489"},"modified":"2011-06-06T17:24:32","modified_gmt":"2011-06-06T17:24:32","slug":"nettoyage-profond-de-la-dent","status":"publish","type":"page","link":"https:\/\/periomontreal.com\/fr\/traitements-et-services\/nettoyage-profond-de-la-dent\/","title":{"rendered":"Nettoyage en profondeur"},"content":{"rendered":"<p>Les nettoyages dentaires classiques sont un outil essentiel pour pr\u00e9venir et traiter la maladie des gencives. Au fur et \u00e0 mesure que la maladie parodontale progresse, les nettoyages sont toutefois limit\u00e9s en raison de l\u2019impossibilit\u00e9 d\u2019atteindre et d\u2019enlever les bact\u00e9ries qui logent loin sous les gencives. Le nettoyage sous les gencives (nettoyage en profondeur) est une proc\u00e9dure pouvant \u00eatre tr\u00e8s douloureuse pour un patient; c\u2019est pourquoi elle est habituellement r\u00e9alis\u00e9e sous anesth\u00e9sie locale. Apr\u00e8s un nettoyage en profondeur, une p\u00e9riode de gu\u00e9rison de quatre \u00e0 huit semaines est allou\u00e9e avant d\u2019\u00e9valuer \u00e0 nouveau l\u2019\u00e9tat des gencives. Apr\u00e8s cette nouvelle \u00e9valuation, il sera d\u00e9termin\u00e9 si l\u2019\u00e9tat parodontal est stable ou si un autre traitement (chirurgical) est indiqu\u00e9.<\/p>\n","protected":false},"excerpt":{"rendered":"<p>Les nettoyages dentaires classiques sont un outil essentiel pour pr\u00e9venir et traiter la maladie des gencives. Au fur et \u00e0 mesure que la maladie parodontale progresse, les nettoyages sont toutefois limit\u00e9s en raison de l\u2019impossibilit\u00e9 d\u2019atteindre et d\u2019enlever les bact\u00e9ries qui logent loin sous les gencives. Le nettoyage sous les gencives (nettoyage en profondeur) est [&hellip;]<\/p>\n","protected":false},"author":1,"featured_media":0,"parent":481,"menu_order":4,"comment_status":"open","ping_status":"open","template":"support.php","meta":{"_genesis_hide_title":false,"_genesis_hide_breadcrumbs":false,"_genesis_hide_singular_image":false,"_genesis_hide_footer_widgets":false,"_genesis_custom_body_class":"","_genesis_custom_post_class":"","_genesis_layout":"","footnotes":""},"class_list":{"0":"post-489","1":"page","2":"type-page","3":"status-publish","5":"entry"},"_links":{"self":[{"href":"https:\/\/periomontreal.com\/fr\/wp-json\/wp\/v2\/pages\/489","targetHints":{"allow":["GET"]}}],"collection":[{"href":"https:\/\/periomontreal.com\/fr\/wp-json\/wp\/v2\/pages"}],"about":[{"href":"https:\/\/periomontreal.com\/fr\/wp-json\/wp\/v2\/types\/page"}],"author":[{"embeddable":true,"href":"https:\/\/periomontreal.com\/fr\/wp-json\/wp\/v2\/users\/1"}],"replies":[{"embeddable":true,"href":"https:\/\/periomontreal.com\/fr\/wp-json\/wp\/v2\/comments?post=489"}],"version-history":[{"count":4,"href":"https:\/\/periomontreal.com\/fr\/wp-json\/wp\/v2\/pages\/489\/revisions"}],"predecessor-version":[{"id":685,"href":"https:\/\/periomontreal.com\/fr\/wp-json\/wp\/v2\/pages\/489\/revisions\/685"}],"up":[{"embeddable":true,"href":"https:\/\/periomontreal.com\/fr\/wp-json\/wp\/v2\/pages\/481"}],"wp:attachment":[{"href":"https:\/\/periomontreal.com\/fr\/wp-json\/wp\/v2\/media?parent=489"}],"curies":[{"name":"wp","href":"https:\/\/api.w.org\/{rel}","templated":true}]}}