{"id":491,"date":"2011-05-10T12:40:27","date_gmt":"2011-05-10T12:40:27","guid":{"rendered":"http:\/\/periomontreal.com\/wordpress\/?page_id=491"},"modified":"2011-06-06T17:26:15","modified_gmt":"2011-06-06T17:26:15","slug":"medications","status":"publish","type":"page","link":"https:\/\/periomontreal.com\/fr\/traitements-et-services\/medications\/","title":{"rendered":"M\u00e9dications"},"content":{"rendered":"<p>Certains m\u00e9dicaments sont souvent prescrits pour aider \u00e0 traiter la maladie parodontale, seuls ou simultan\u00e9ment \u00e0 une proc\u00e9dure. Comme les bact\u00e9ries sont la cause la plus fr\u00e9quente de la maladie des gencives, les antibiotiques sont les m\u00e9dicaments les plus souvent prescrits. Les antibiotiques ne font normalement pas partie du traitement de premi\u00e8re intention, \u00e0 moins qu\u2019une infection aigu\u00eb soit pr\u00e9sente, mais ils sont b\u00e9n\u00e9fiques pour les patients qui ne r\u00e9agissent pas au premier traitement. De plus, ces m\u00e9dicaments sont toujours utilis\u00e9s dans les cas d\u2019implants dentaires et de greffe osseuse, car les \u00e9tudes ont d\u00e9montr\u00e9 que les antibiotiques r\u00e9duisaient le risque d\u2019infection lorsqu\u2019ils sont pris avant ces chirurgies.<\/p>\n<p>Les analg\u00e9siques n\u2019am\u00e9liorent pas les r\u00e9sultats du traitement, mais ils sont essentiels au confort du patient apr\u00e8s les diverses proc\u00e9dures r\u00e9alis\u00e9es \u00e0 notre cabinet. Les analg\u00e9siques que vous utilisez pour soulager un mal de t\u00eate sont habituellement suffisants pour neutraliser les malaises postop\u00e9ratoires, mais des m\u00e9dicaments plus forts sont aussi disponibles, si n\u00e9cessaire.<\/p>\n<p>Des antid\u00e9presseurs sont aussi offerts aux patients qui sont tr\u00e8s nerveux durant leurs rendez-vous chez le dentiste, bien que nous fassions d\u2019abord tout ce qui est possible pour soulager naturellement l\u2019anxi\u00e9t\u00e9 d\u2019un patient.<\/p>\n<p>Le m\u00e9decin \u00e9tudiera les ant\u00e9c\u00e9dents m\u00e9dicaux de chaque patient et discutera avec lui des m\u00e9dicaments qui pourraient lui \u00eatre le plus b\u00e9n\u00e9fiques avant le d\u00e9but du traitement.<\/p>\n","protected":false},"excerpt":{"rendered":"<p>Certains m\u00e9dicaments sont souvent prescrits pour aider \u00e0 traiter la maladie parodontale, seuls ou simultan\u00e9ment \u00e0 une proc\u00e9dure. Comme les bact\u00e9ries sont la cause la plus fr\u00e9quente de la maladie des gencives, les antibiotiques sont les m\u00e9dicaments les plus souvent prescrits. Les antibiotiques ne font normalement pas partie du traitement de premi\u00e8re intention, \u00e0 moins [&hellip;]<\/p>\n","protected":false},"author":1,"featured_media":0,"parent":481,"menu_order":5,"comment_status":"open","ping_status":"open","template":"support.php","meta":{"_genesis_hide_title":false,"_genesis_hide_breadcrumbs":false,"_genesis_hide_singular_image":false,"_genesis_hide_footer_widgets":false,"_genesis_custom_body_class":"","_genesis_custom_post_class":"","_genesis_layout":"","footnotes":""},"class_list":{"0":"post-491","1":"page","2":"type-page","3":"status-publish","5":"entry"},"_links":{"self":[{"href":"https:\/\/periomontreal.com\/fr\/wp-json\/wp\/v2\/pages\/491","targetHints":{"allow":["GET"]}}],"collection":[{"href":"https:\/\/periomontreal.com\/fr\/wp-json\/wp\/v2\/pages"}],"about":[{"href":"https:\/\/periomontreal.com\/fr\/wp-json\/wp\/v2\/types\/page"}],"author":[{"embeddable":true,"href":"https:\/\/periomontreal.com\/fr\/wp-json\/wp\/v2\/users\/1"}],"replies":[{"embeddable":true,"href":"https:\/\/periomontreal.com\/fr\/wp-json\/wp\/v2\/comments?post=491"}],"version-history":[{"count":4,"href":"https:\/\/periomontreal.com\/fr\/wp-json\/wp\/v2\/pages\/491\/revisions"}],"predecessor-version":[{"id":688,"href":"https:\/\/periomontreal.com\/fr\/wp-json\/wp\/v2\/pages\/491\/revisions\/688"}],"up":[{"embeddable":true,"href":"https:\/\/periomontreal.com\/fr\/wp-json\/wp\/v2\/pages\/481"}],"wp:attachment":[{"href":"https:\/\/periomontreal.com\/fr\/wp-json\/wp\/v2\/media?parent=491"}],"curies":[{"name":"wp","href":"https:\/\/api.w.org\/{rel}","templated":true}]}}