{"id":493,"date":"2011-05-10T12:41:32","date_gmt":"2011-05-10T12:41:32","guid":{"rendered":"http:\/\/periomontreal.com\/wordpress\/?page_id=493"},"modified":"2011-06-06T17:27:30","modified_gmt":"2011-06-06T17:27:30","slug":"greffe-osseuse","status":"publish","type":"page","link":"https:\/\/periomontreal.com\/fr\/traitements-et-services\/greffe-osseuse\/","title":{"rendered":"Greffe osseuse"},"content":{"rendered":"<p>Les proc\u00e9dures de greffe osseuse peuvent \u00eatre utilis\u00e9es de deux fa\u00e7ons diff\u00e9rentes. Premi\u00e8rement, pour r\u00e9g\u00e9n\u00e9rer la masse osseuse perdue autour de la dent \u00e0 cause de la maladie parodontale (consultez \u00ab Qu\u2019est-ce que la maladie parodontale? \u00bb). Cette solution est possible dans certains cas seulement, c\u2019est pourquoi il est important de d\u00e9celer et de traiter la maladie parodontale t\u00f4t avant qu\u2019elle ne soit trop avanc\u00e9e pour \u00eatre trait\u00e9e.<\/p>\n<p>Deuxi\u00e8mement, la greffe osseuse est utilis\u00e9e pour r\u00e9g\u00e9n\u00e9rer la masse osseuse perdue suite \u00e0 l\u2019extraction d\u2019une dent. Apr\u00e8s l\u2019extraction d\u2019une dent, la masse osseuse environnante perd son soutien (la dent) et s\u2019affaissera sur elle-m\u00eame avec le temps. Plus le temps avance, plus le site d\u2019extraction perd de la masse osseuse. Pour \u00e9viter cette situation avant qu\u2019elle ne survienne, la greffe osseuse est souvent pratiqu\u00e9e en m\u00eame temps que l\u2019extraction de la dent, une proc\u00e9dure qu\u2019on appelle \u00ab pr\u00e9servation du site \u00bb. C\u2019est ce qui garantit une masse osseuse suffisante \u00e0 un implant dentaire une fois la gu\u00e9rison compl\u00e8te.<\/p>\n","protected":false},"excerpt":{"rendered":"<p>Les proc\u00e9dures de greffe osseuse peuvent \u00eatre utilis\u00e9es de deux fa\u00e7ons diff\u00e9rentes. Premi\u00e8rement, pour r\u00e9g\u00e9n\u00e9rer la masse osseuse perdue autour de la dent \u00e0 cause de la maladie parodontale (consultez \u00ab Qu\u2019est-ce que la maladie parodontale? \u00bb). Cette solution est possible dans certains cas seulement, c\u2019est pourquoi il est important de d\u00e9celer et de traiter [&hellip;]<\/p>\n","protected":false},"author":1,"featured_media":0,"parent":481,"menu_order":6,"comment_status":"open","ping_status":"open","template":"support.php","meta":{"_genesis_hide_title":false,"_genesis_hide_breadcrumbs":false,"_genesis_hide_singular_image":false,"_genesis_hide_footer_widgets":false,"_genesis_custom_body_class":"","_genesis_custom_post_class":"","_genesis_layout":"","footnotes":""},"class_list":{"0":"post-493","1":"page","2":"type-page","3":"status-publish","5":"entry"},"_links":{"self":[{"href":"https:\/\/periomontreal.com\/fr\/wp-json\/wp\/v2\/pages\/493","targetHints":{"allow":["GET"]}}],"collection":[{"href":"https:\/\/periomontreal.com\/fr\/wp-json\/wp\/v2\/pages"}],"about":[{"href":"https:\/\/periomontreal.com\/fr\/wp-json\/wp\/v2\/types\/page"}],"author":[{"embeddable":true,"href":"https:\/\/periomontreal.com\/fr\/wp-json\/wp\/v2\/users\/1"}],"replies":[{"embeddable":true,"href":"https:\/\/periomontreal.com\/fr\/wp-json\/wp\/v2\/comments?post=493"}],"version-history":[{"count":3,"href":"https:\/\/periomontreal.com\/fr\/wp-json\/wp\/v2\/pages\/493\/revisions"}],"predecessor-version":[{"id":689,"href":"https:\/\/periomontreal.com\/fr\/wp-json\/wp\/v2\/pages\/493\/revisions\/689"}],"up":[{"embeddable":true,"href":"https:\/\/periomontreal.com\/fr\/wp-json\/wp\/v2\/pages\/481"}],"wp:attachment":[{"href":"https:\/\/periomontreal.com\/fr\/wp-json\/wp\/v2\/media?parent=493"}],"curies":[{"name":"wp","href":"https:\/\/api.w.org\/{rel}","templated":true}]}}