{"id":495,"date":"2011-05-10T12:42:45","date_gmt":"2011-05-10T12:42:45","guid":{"rendered":"http:\/\/periomontreal.com\/wordpress\/?page_id=495"},"modified":"2011-06-06T17:28:45","modified_gmt":"2011-06-06T17:28:45","slug":"greffe-de-gencive","status":"publish","type":"page","link":"https:\/\/periomontreal.com\/fr\/traitements-et-services\/greffe-de-gencive\/","title":{"rendered":"Greffe de gencive"},"content":{"rendered":"<p>Les greffes de tissus mous, souvent appel\u00e9es greffes gingivales, sont une proc\u00e9dure courante pour divers usages. Deux principaux types de greffe de tissus mous existent, et chacun a une indication diff\u00e9rente. Le \u00ab tissu conjonctif de greffe \u00bb est le plus souvent utilis\u00e9 pour recouvrir la racine expos\u00e9e d\u2019une dent qui a subi une r\u00e9cession. C\u2019est une proc\u00e9dure tr\u00e8s pr\u00e9visible, bien qu\u2019il y ait des restrictions \u00e0 \u00e9valuer et \u00e0 discuter avec le patient avant la chirurgie. La \u00ab greffe gingivale libre \u00bb est un type de greffe gingivale diff\u00e9rent couramment utilis\u00e9 pour augmenter l\u2019\u00e9paisseur et la qualit\u00e9 du tissu aux endroits o\u00f9 il est mince. Un tissu mince est beaucoup plus susceptible \u00e0 la r\u00e9cession et \u00e0 l\u2019inflammation, et c\u2019est pour \u00e9viter une r\u00e9cession future qu\u2019une greffe de tissu mou dans les r\u00e9gions touch\u00e9es est conseill\u00e9e. Les greffes gingivales libres sont aussi conseill\u00e9es lorsqu\u2019une couronne ou une obturation doit \u00eatre faite sur une dent entour\u00e9e d\u2019un tissu gingival qui n\u2019est pas suffisamment fort, ou dans le cas d\u2019un traitement orthodontique, si le tissu gingival est trop mince pour soutenir le mouvement de la dent.<\/p>\n","protected":false},"excerpt":{"rendered":"<p>Les greffes de tissus mous, souvent appel\u00e9es greffes gingivales, sont une proc\u00e9dure courante pour divers usages. Deux principaux types de greffe de tissus mous existent, et chacun a une indication diff\u00e9rente. Le \u00ab tissu conjonctif de greffe \u00bb est le plus souvent utilis\u00e9 pour recouvrir la racine expos\u00e9e d\u2019une dent qui a subi une r\u00e9cession. [&hellip;]<\/p>\n","protected":false},"author":1,"featured_media":0,"parent":481,"menu_order":7,"comment_status":"open","ping_status":"open","template":"support.php","meta":{"_genesis_hide_title":false,"_genesis_hide_breadcrumbs":false,"_genesis_hide_singular_image":false,"_genesis_hide_footer_widgets":false,"_genesis_custom_body_class":"","_genesis_custom_post_class":"","_genesis_layout":"","footnotes":""},"class_list":{"0":"post-495","1":"page","2":"type-page","3":"status-publish","5":"entry"},"_links":{"self":[{"href":"https:\/\/periomontreal.com\/fr\/wp-json\/wp\/v2\/pages\/495","targetHints":{"allow":["GET"]}}],"collection":[{"href":"https:\/\/periomontreal.com\/fr\/wp-json\/wp\/v2\/pages"}],"about":[{"href":"https:\/\/periomontreal.com\/fr\/wp-json\/wp\/v2\/types\/page"}],"author":[{"embeddable":true,"href":"https:\/\/periomontreal.com\/fr\/wp-json\/wp\/v2\/users\/1"}],"replies":[{"embeddable":true,"href":"https:\/\/periomontreal.com\/fr\/wp-json\/wp\/v2\/comments?post=495"}],"version-history":[{"count":4,"href":"https:\/\/periomontreal.com\/fr\/wp-json\/wp\/v2\/pages\/495\/revisions"}],"predecessor-version":[{"id":691,"href":"https:\/\/periomontreal.com\/fr\/wp-json\/wp\/v2\/pages\/495\/revisions\/691"}],"up":[{"embeddable":true,"href":"https:\/\/periomontreal.com\/fr\/wp-json\/wp\/v2\/pages\/481"}],"wp:attachment":[{"href":"https:\/\/periomontreal.com\/fr\/wp-json\/wp\/v2\/media?parent=495"}],"curies":[{"name":"wp","href":"https:\/\/api.w.org\/{rel}","templated":true}]}}