{"id":497,"date":"2011-05-10T12:43:04","date_gmt":"2011-05-10T12:43:04","guid":{"rendered":"http:\/\/periomontreal.com\/wordpress\/?page_id=497"},"modified":"2011-06-06T17:32:21","modified_gmt":"2011-06-06T17:32:21","slug":"implant-dentaire","status":"publish","type":"page","link":"https:\/\/periomontreal.com\/fr\/traitements-et-services\/implant-dentaire\/","title":{"rendered":"Implant dentaire"},"content":{"rendered":"<p>Les implants dentaires d\u2019aujourd\u2019hui sont apparus au d\u00e9but des ann\u00e9es 80 et ont depuis beaucoup progress\u00e9. Pour l\u2019expliquer simplement, les implants dentaires ne sont que des vis pos\u00e9es dans la m\u00e2choire sup\u00e9rieure ou inf\u00e9rieure. Une fois la gu\u00e9rison termin\u00e9e (de trois \u00e0 quatre mois), on les utilise pour soutenir une restauration (couronne, pont ou dentier). Les implants dentaires sont habituellement compos\u00e9s de titane ou d\u2019un alliage de titane, car le corps tol\u00e8re tr\u00e8s bien ce m\u00e9tal.<\/p>\n<p>La plus grande condition pr\u00e9alable aux implants est une masse osseuse suffisante pour stabiliser la vis. Si ce n\u2019est pas le cas, une greffe osseuse peut \u00eatre n\u00e9cessaire avant la pose de l\u2019implant ou au m\u00eame moment.<\/p>\n<p>Deux structures de l\u2019anatomie doivent \u00eatre \u00e9vit\u00e9es lors de la pose d\u2019implants : le sinus de la m\u00e2choire sup\u00e9rieure et la branche d\u2019un nerf (le nerf alv\u00e9olaire inf\u00e9rieur) qui longe la m\u00e2choire inf\u00e9rieure. Les radiographies, dont un tomodensitogramme (une radiographie en trois dimensions), sont souvent prises avant la pose de l\u2019implant pour permettre au m\u00e9decin de mieux voir ces structures et la quantit\u00e9 de masse osseuse disponible, et ensuite mieux planifier la chirurgie.<\/p>\n<p>La documentation mentionne constamment un taux de r\u00e9ussite des implants dentaires sup\u00e9rieur \u00e0 95 %. Il existe un petit risque que l\u2019implant ne fonctionne pas, et les causes en sont souvent la cigarette, une mauvaise sant\u00e9 syst\u00e9mique (p. ex., diab\u00e8te non ma\u00eetris\u00e9, syst\u00e8me immunitaire affaibli) et l\u2019infection.<\/p>\n","protected":false},"excerpt":{"rendered":"<p>Les implants dentaires d\u2019aujourd\u2019hui sont apparus au d\u00e9but des ann\u00e9es 80 et ont depuis beaucoup progress\u00e9. Pour l\u2019expliquer simplement, les implants dentaires ne sont que des vis pos\u00e9es dans la m\u00e2choire sup\u00e9rieure ou inf\u00e9rieure. Une fois la gu\u00e9rison termin\u00e9e (de trois \u00e0 quatre mois), on les utilise pour soutenir une restauration (couronne, pont ou dentier). [&hellip;]<\/p>\n","protected":false},"author":1,"featured_media":0,"parent":481,"menu_order":8,"comment_status":"open","ping_status":"open","template":"support.php","meta":{"_genesis_hide_title":false,"_genesis_hide_breadcrumbs":false,"_genesis_hide_singular_image":false,"_genesis_hide_footer_widgets":false,"_genesis_custom_body_class":"","_genesis_custom_post_class":"","_genesis_layout":"","footnotes":""},"class_list":{"0":"post-497","1":"page","2":"type-page","3":"status-publish","5":"entry"},"_links":{"self":[{"href":"https:\/\/periomontreal.com\/fr\/wp-json\/wp\/v2\/pages\/497","targetHints":{"allow":["GET"]}}],"collection":[{"href":"https:\/\/periomontreal.com\/fr\/wp-json\/wp\/v2\/pages"}],"about":[{"href":"https:\/\/periomontreal.com\/fr\/wp-json\/wp\/v2\/types\/page"}],"author":[{"embeddable":true,"href":"https:\/\/periomontreal.com\/fr\/wp-json\/wp\/v2\/users\/1"}],"replies":[{"embeddable":true,"href":"https:\/\/periomontreal.com\/fr\/wp-json\/wp\/v2\/comments?post=497"}],"version-history":[{"count":3,"href":"https:\/\/periomontreal.com\/fr\/wp-json\/wp\/v2\/pages\/497\/revisions"}],"predecessor-version":[{"id":692,"href":"https:\/\/periomontreal.com\/fr\/wp-json\/wp\/v2\/pages\/497\/revisions\/692"}],"up":[{"embeddable":true,"href":"https:\/\/periomontreal.com\/fr\/wp-json\/wp\/v2\/pages\/481"}],"wp:attachment":[{"href":"https:\/\/periomontreal.com\/fr\/wp-json\/wp\/v2\/media?parent=497"}],"curies":[{"name":"wp","href":"https:\/\/api.w.org\/{rel}","templated":true}]}}