{"id":499,"date":"2011-05-10T12:45:00","date_gmt":"2011-05-10T12:45:00","guid":{"rendered":"http:\/\/periomontreal.com\/wordpress\/?page_id=499"},"modified":"2011-06-06T17:37:20","modified_gmt":"2011-06-06T17:37:20","slug":"frenectomy-fibreotomy","status":"publish","type":"page","link":"https:\/\/periomontreal.com\/fr\/traitements-et-services\/frenectomy-fibreotomy\/","title":{"rendered":"Fr\u00e9nectomie et fibrotomie"},"content":{"rendered":"<p>Apr\u00e8s un traitement orthodontique, la nature \u00e9lastique des fibres du tissu conjonctif dont sont compos\u00e9es les gencives entra\u00eene souvent les dents qui ont \u00e9t\u00e9 boug\u00e9es ou tourn\u00e9es \u00e0 revenir \u00e0 la position initiale. Pour \u00e9viter cela, on peut effectuer une fibrotomie, une proc\u00e9dure l\u00e9g\u00e8rement effractive qui sectionne les fibres des gencives. La fibrotomie est pratiqu\u00e9e sous anesth\u00e9sie locale et peut causer un l\u00e9ger inconfort postop\u00e9ratoire. Contrairement \u00e0 la plupart des autres proc\u00e9dures parodontales, une deuxi\u00e8me visite pour \u00e9valuer la gu\u00e9rison n\u2019est habituellement pas n\u00e9cessaire.<\/p>\n<p>Une autre proc\u00e9dure souvent conseill\u00e9e en fin de traitement orthodontique est la fr\u00e9nectomie. Le frein est un ligament liant les gencives aux joues dans la m\u00e2choire inf\u00e9rieure et sup\u00e9rieure. Dans certains cas, le frein de la m\u00e2choire sup\u00e9rieure peut \u00eatre si pro\u00e9minent que son emplacement entre les deux dents frontales peut causer un espacement entre ces derni\u00e8res. Cet espacement peut \u00eatre referm\u00e9 par un appareil orthodontique, mais il se cr\u00e9era \u00e0 nouveau, \u00e0 moins que le frein soit repositionn\u00e9 par une chirurgie qui l\u2019\u00e9loignera des dents frontales.<\/p>\n","protected":false},"excerpt":{"rendered":"<p>Apr\u00e8s un traitement orthodontique, la nature \u00e9lastique des fibres du tissu conjonctif dont sont compos\u00e9es les gencives entra\u00eene souvent les dents qui ont \u00e9t\u00e9 boug\u00e9es ou tourn\u00e9es \u00e0 revenir \u00e0 la position initiale. Pour \u00e9viter cela, on peut effectuer une fibrotomie, une proc\u00e9dure l\u00e9g\u00e8rement effractive qui sectionne les fibres des gencives. La fibrotomie est pratiqu\u00e9e [&hellip;]<\/p>\n","protected":false},"author":1,"featured_media":0,"parent":481,"menu_order":9,"comment_status":"open","ping_status":"closed","template":"support.php","meta":{"_genesis_hide_title":false,"_genesis_hide_breadcrumbs":false,"_genesis_hide_singular_image":false,"_genesis_hide_footer_widgets":false,"_genesis_custom_body_class":"","_genesis_custom_post_class":"","_genesis_layout":"","footnotes":""},"class_list":{"0":"post-499","1":"page","2":"type-page","3":"status-publish","5":"entry"},"_links":{"self":[{"href":"https:\/\/periomontreal.com\/fr\/wp-json\/wp\/v2\/pages\/499","targetHints":{"allow":["GET"]}}],"collection":[{"href":"https:\/\/periomontreal.com\/fr\/wp-json\/wp\/v2\/pages"}],"about":[{"href":"https:\/\/periomontreal.com\/fr\/wp-json\/wp\/v2\/types\/page"}],"author":[{"embeddable":true,"href":"https:\/\/periomontreal.com\/fr\/wp-json\/wp\/v2\/users\/1"}],"replies":[{"embeddable":true,"href":"https:\/\/periomontreal.com\/fr\/wp-json\/wp\/v2\/comments?post=499"}],"version-history":[{"count":5,"href":"https:\/\/periomontreal.com\/fr\/wp-json\/wp\/v2\/pages\/499\/revisions"}],"predecessor-version":[{"id":693,"href":"https:\/\/periomontreal.com\/fr\/wp-json\/wp\/v2\/pages\/499\/revisions\/693"}],"up":[{"embeddable":true,"href":"https:\/\/periomontreal.com\/fr\/wp-json\/wp\/v2\/pages\/481"}],"wp:attachment":[{"href":"https:\/\/periomontreal.com\/fr\/wp-json\/wp\/v2\/media?parent=499"}],"curies":[{"name":"wp","href":"https:\/\/api.w.org\/{rel}","templated":true}]}}