{"id":501,"date":"2011-05-10T12:46:14","date_gmt":"2011-05-10T12:46:14","guid":{"rendered":"http:\/\/periomontreal.com\/wordpress\/?page_id=501"},"modified":"2011-06-06T17:51:29","modified_gmt":"2011-06-06T17:51:29","slug":"chirurgie-de-reduction-des-poches","status":"publish","type":"page","link":"https:\/\/periomontreal.com\/fr\/traitements-et-services\/chirurgie-de-reduction-des-poches\/","title":{"rendered":"Chirurgie de r\u00e9duction des poches"},"content":{"rendered":"<p>La maladie parodontale entra\u00eene souvent la formation de \u00ab poches \u00bb, des zones o\u00f9 l\u2019inflammation cause le d\u00e9tachement des gencives des dents, ce qui permet aux bact\u00e9ries d\u2019entrer. Une fois les bact\u00e9ries entr\u00e9es dans ces poches, elles peuvent poursuivre la destruction de l\u2019os sous-jacent, et ce processus continuera jusqu\u2019\u00e0 ce que la poche et les bact\u00e9ries soient \u00e9limin\u00e9es. C\u2019est ce que vise le traitement, soit de retirer ou au moins de r\u00e9duire la profondeur de ces poches, ce qui cr\u00e9era un environnement facile \u00e0 nettoyer et emp\u00eachera ainsi les poches de se reformer.<\/p>\n<p>On utilise normalement deux proc\u00e9dures diff\u00e9rentes pour r\u00e9duire les poches. La premi\u00e8re est un traitement non chirurgical aussi appel\u00e9 \u00ab <a title=\"Nettoyage profond de la dent\" href=\"http:\/\/periomontreal.com\/wordpress\/?page_id=489&amp;lang=fr\">nettoyage en profondeur<\/a> \u00bb. La seconde, la \u00ab r\u00e9duction des poches \u00bb, est une proc\u00e9dure chirurgicale indiqu\u00e9e dans les cas mod\u00e9r\u00e9s \u00e0 graves et ne pouvant \u00eatre trait\u00e9s ad\u00e9quatement uniquement par un nettoyage en profondeur. La chirurgie de r\u00e9duction des poches consiste \u00e0 retirer une petite partie de tissu gingival et \u00e0 acc\u00e9der \u00e0 l\u2019os sous-jacent, ce qui pourrait exiger un lissage des zones o\u00f9 les bact\u00e9ries ont d\u00e9truit l\u2019os. Un des inconv\u00e9nients de la proc\u00e9dure est que les dents para\u00eetront l\u00e9g\u00e8rement plus longues, mais c\u2019est un mal n\u00e9cessaire lorsqu\u2019on tente de r\u00e9duire les poches et de r\u00e9tablir la sant\u00e9 des gencives.<\/p>\n","protected":false},"excerpt":{"rendered":"<p>La maladie parodontale entra\u00eene souvent la formation de \u00ab poches \u00bb, des zones o\u00f9 l\u2019inflammation cause le d\u00e9tachement des gencives des dents, ce qui permet aux bact\u00e9ries d\u2019entrer. Une fois les bact\u00e9ries entr\u00e9es dans ces poches, elles peuvent poursuivre la destruction de l\u2019os sous-jacent, et ce processus continuera jusqu\u2019\u00e0 ce que la poche et les [&hellip;]<\/p>\n","protected":false},"author":1,"featured_media":0,"parent":481,"menu_order":11,"comment_status":"open","ping_status":"open","template":"support.php","meta":{"_genesis_hide_title":false,"_genesis_hide_breadcrumbs":false,"_genesis_hide_singular_image":false,"_genesis_hide_footer_widgets":false,"_genesis_custom_body_class":"","_genesis_custom_post_class":"","_genesis_layout":"","footnotes":""},"class_list":{"0":"post-501","1":"page","2":"type-page","3":"status-publish","5":"entry"},"_links":{"self":[{"href":"https:\/\/periomontreal.com\/fr\/wp-json\/wp\/v2\/pages\/501","targetHints":{"allow":["GET"]}}],"collection":[{"href":"https:\/\/periomontreal.com\/fr\/wp-json\/wp\/v2\/pages"}],"about":[{"href":"https:\/\/periomontreal.com\/fr\/wp-json\/wp\/v2\/types\/page"}],"author":[{"embeddable":true,"href":"https:\/\/periomontreal.com\/fr\/wp-json\/wp\/v2\/users\/1"}],"replies":[{"embeddable":true,"href":"https:\/\/periomontreal.com\/fr\/wp-json\/wp\/v2\/comments?post=501"}],"version-history":[{"count":6,"href":"https:\/\/periomontreal.com\/fr\/wp-json\/wp\/v2\/pages\/501\/revisions"}],"predecessor-version":[{"id":699,"href":"https:\/\/periomontreal.com\/fr\/wp-json\/wp\/v2\/pages\/501\/revisions\/699"}],"up":[{"embeddable":true,"href":"https:\/\/periomontreal.com\/fr\/wp-json\/wp\/v2\/pages\/481"}],"wp:attachment":[{"href":"https:\/\/periomontreal.com\/fr\/wp-json\/wp\/v2\/media?parent=501"}],"curies":[{"name":"wp","href":"https:\/\/api.w.org\/{rel}","templated":true}]}}