{"id":503,"date":"2011-05-10T12:46:31","date_gmt":"2011-05-10T12:46:31","guid":{"rendered":"http:\/\/periomontreal.com\/wordpress\/?page_id=503"},"modified":"2011-06-06T17:53:18","modified_gmt":"2011-06-06T17:53:18","slug":"augmentation-des-sinus","status":"publish","type":"page","link":"https:\/\/periomontreal.com\/fr\/traitements-et-services\/augmentation-des-sinus\/","title":{"rendered":"Augmentation des sinus"},"content":{"rendered":"<p>Le sinus maxillaire est une cavit\u00e9 remplie d\u2019air situ\u00e9e dans la partie post\u00e9rieure de la m\u00e2choire sup\u00e9rieure. Cette cavit\u00e9 de sinus se trouve habituellement au-dessus de la racine des dents de cette r\u00e9gion, mais elle peut aussi \u00eatre plus basse chez certains patients. Lorsque les dents post\u00e9rieures, habituellement les molaires, sont extraites, ce sinus a tendance \u00e0 se d\u00e9placer dans l\u2019espace laiss\u00e9 vide par l\u2019extraction. Quand on planifie la pose d\u2019un implant dans de telles r\u00e9gions, la hauteur de la masse osseuse est souvent trop basse pour soutenir un implant et deux options se pr\u00e9sentent : poser un implant court ou effectuer une \u00ab \u00e9l\u00e9vation sinusale \u00bb. Comme la hauteur de la masse osseuse est souvent inad\u00e9quate, m\u00eame pour les implants les plus courts, la deuxi\u00e8me option est couramment indiqu\u00e9e. L\u2019\u00e9l\u00e9vation sinusale, ou augmentation des sinus, peut sembler d\u00e9courageante pour plusieurs patients, mais c\u2019est une proc\u00e9dure relativement courante ayant un taux de r\u00e9ussite tr\u00e8s \u00e9lev\u00e9. Durant cette proc\u00e9dure, on entasse du tissu de greffe sous la mince membrane tapissant la paroi du sinus pour obtenir une l\u00e9g\u00e8re \u00e9l\u00e9vation de cette derni\u00e8re, ce qui a pour effet de diminuer quelque peu la taille du sinus et d\u2019augmenter la quantit\u00e9 de masse osseuse se trouvant sous lui. Selon la quantit\u00e9 de masse osseuse pr\u00e9sente sous le sinus au d\u00e9part, l\u2019\u00e9l\u00e9vation sinusale peut \u00eatre r\u00e9alis\u00e9e en m\u00eame temps que la pose de l\u2019implant ou six \u00e0 neuf fois avant celle-ci (pour permettre \u00e0 l\u2019os de gu\u00e9rir avant la pose des implants). Pour bien voir la structure de la m\u00e2choire et du sinus, on prescrit souvent plusieurs radiographies, dont un tomodensitogramme.<\/p>\n","protected":false},"excerpt":{"rendered":"<p>Le sinus maxillaire est une cavit\u00e9 remplie d\u2019air situ\u00e9e dans la partie post\u00e9rieure de la m\u00e2choire sup\u00e9rieure. Cette cavit\u00e9 de sinus se trouve habituellement au-dessus de la racine des dents de cette r\u00e9gion, mais elle peut aussi \u00eatre plus basse chez certains patients. Lorsque les dents post\u00e9rieures, habituellement les molaires, sont extraites, ce sinus a [&hellip;]<\/p>\n","protected":false},"author":1,"featured_media":0,"parent":481,"menu_order":12,"comment_status":"open","ping_status":"open","template":"support.php","meta":{"_genesis_hide_title":false,"_genesis_hide_breadcrumbs":false,"_genesis_hide_singular_image":false,"_genesis_hide_footer_widgets":false,"_genesis_custom_body_class":"","_genesis_custom_post_class":"","_genesis_layout":"","footnotes":""},"class_list":{"0":"post-503","1":"page","2":"type-page","3":"status-publish","5":"entry"},"_links":{"self":[{"href":"https:\/\/periomontreal.com\/fr\/wp-json\/wp\/v2\/pages\/503","targetHints":{"allow":["GET"]}}],"collection":[{"href":"https:\/\/periomontreal.com\/fr\/wp-json\/wp\/v2\/pages"}],"about":[{"href":"https:\/\/periomontreal.com\/fr\/wp-json\/wp\/v2\/types\/page"}],"author":[{"embeddable":true,"href":"https:\/\/periomontreal.com\/fr\/wp-json\/wp\/v2\/users\/1"}],"replies":[{"embeddable":true,"href":"https:\/\/periomontreal.com\/fr\/wp-json\/wp\/v2\/comments?post=503"}],"version-history":[{"count":5,"href":"https:\/\/periomontreal.com\/fr\/wp-json\/wp\/v2\/pages\/503\/revisions"}],"predecessor-version":[{"id":702,"href":"https:\/\/periomontreal.com\/fr\/wp-json\/wp\/v2\/pages\/503\/revisions\/702"}],"up":[{"embeddable":true,"href":"https:\/\/periomontreal.com\/fr\/wp-json\/wp\/v2\/pages\/481"}],"wp:attachment":[{"href":"https:\/\/periomontreal.com\/fr\/wp-json\/wp\/v2\/media?parent=503"}],"curies":[{"name":"wp","href":"https:\/\/api.w.org\/{rel}","templated":true}]}}