{"id":975,"date":"2018-02-07T15:55:01","date_gmt":"2018-02-07T15:55:01","guid":{"rendered":"http:\/\/periomontreal.com\/?page_id=975"},"modified":"2018-02-07T11:12:05","modified_gmt":"2018-02-07T16:12:05","slug":"dr-genevieve-payne","status":"publish","type":"page","link":"https:\/\/periomontreal.com\/fr\/notre-pratique\/dr-genevieve-payne\/","title":{"rendered":"Dre Genevi\u00e8ve Payne"},"content":{"rendered":"<p><a href=\"https:\/\/periomontreal.com\/contact-us\/\">L<\/a><a href=\"http:\/\/periomontreal.com\/wp-content\/uploads\/2018\/02\/Perio_Dr-Payne-2.jpg\"><img loading=\"lazy\" decoding=\"async\" class=\"alignleft wp-image-972 size-medium\" src=\"http:\/\/periomontreal.com\/wp-content\/uploads\/2018\/02\/Perio_Dr-Payne-2-200x300.jpg\" alt=\"Dr. Genevieve Payne\" width=\"200\" height=\"300\" srcset=\"https:\/\/periomontreal.com\/wp-content\/uploads\/2018\/02\/Perio_Dr-Payne-2-200x300.jpg 200w, https:\/\/periomontreal.com\/wp-content\/uploads\/2018\/02\/Perio_Dr-Payne-2-150x225.jpg 150w, https:\/\/periomontreal.com\/wp-content\/uploads\/2018\/02\/Perio_Dr-Payne-2-768x1152.jpg 768w, https:\/\/periomontreal.com\/wp-content\/uploads\/2018\/02\/Perio_Dr-Payne-2-683x1024.jpg 683w, https:\/\/periomontreal.com\/wp-content\/uploads\/2018\/02\/Perio_Dr-Payne-2.jpg 1920w\" sizes=\"auto, (max-width: 200px) 100vw, 200px\" \/><\/a><a href=\"https:\/\/periomontreal.com\/contact-us\/\">a docteure Genevi\u00e8ve Payn<\/a>e D.M.D., F.R.C.D. (C.), M. Sc., Dip. A.B.P. a compl\u00e9t\u00e9 son doctorat en m\u00e9decine dentaire \u00e0 l\u2019Universit\u00e9 de Montr\u00e9al en 2012. Au cours de la derni\u00e8re ann\u00e9e de son doctorat, elle a fait partie d\u2019un programme avanc\u00e9 en parodontie durant lequel elle a eu le privil\u00e8ge de faire des chirurgies parodontales \u00e0 maintes reprises. C\u2019est durant ce programme qu\u2019elle a d\u00e9velopp\u00e9 une passion pour la parodontie. Apr\u00e8s avoir compl\u00e9t\u00e9 ses \u00e9tudes doctorales, elle a entrepris une ann\u00e9e en r\u00e9sidence multidisciplinaire \u00e0 l\u2019h\u00f4pital Notre-Dame ainsi qu\u2019\u00e0 l\u2019h\u00f4pital Sainte-Justine o\u00f9 elle a trait\u00e9, entre autres, des patients immuno-compromis.<\/p>\n<p>Elle a ensuite entrepris une r\u00e9sidence de trois ans en parodontie et implantologie \u00e0 la Nova Southeastern University \u00e0 Fort Lauderdale en Floride. \u00c0 Nova Southeastern University, elle a re\u00e7u une formation au niveau des proc\u00e9dures chirurgicales parodontales traditionnelles ainsi que modernes. Pendant sa r\u00e9sidence, elle a \u00e9t\u00e9 ambassadrice de la fondation de l\u2019American Academy of Periodontology et elle a aussi compl\u00e9t\u00e9 une maitrise en biologie craniofaciale.<\/p>\n<p>Dre Payne est charg\u00e9e de clinique en parodontie \u00e0 l\u2019Universit\u00e9 McGill, membre de l\u2019American Academy of Periodontology, de l\u2019Academy of Osseoinetgration, de l\u2019Acad\u00e9mie Canadienne de parodontologie, de l\u2019Association des parodontistes du Qu\u00e9bec, membre du groupe dentaire Alpha Omega, elle est fellow du Coll\u00e8ge royal des chirurgiens dentistes du Canada et dipl\u00f4m\u00e9e de l&rsquo;American Board of Periodontology.<\/p>\n<p>En dehors de son travail, Genevi\u00e8ve appr\u00e9cie l&rsquo;entra\u00eenement physique, surtout la course \u00e0 pied. Elle aime voyager avec sa famille et ses amis et elle passe beaucoup de temps \u00e0 cuisiner. En juillet 2017, elle et son mari ont accueilli leur premier enfant, une jolie fille \u00e9nergique, Jaclyn Fay.<\/p>\n","protected":false},"excerpt":{"rendered":"<p>La docteure Genevi\u00e8ve Payne D.M.D., F.R.C.D. (C.), M. Sc., Dip. A.B.P. a compl\u00e9t\u00e9 son doctorat en m\u00e9decine dentaire \u00e0 l\u2019Universit\u00e9 de Montr\u00e9al en 2012. Au cours de la derni\u00e8re ann\u00e9e de son doctorat, elle a fait partie d\u2019un programme avanc\u00e9 en parodontie durant lequel elle a eu le privil\u00e8ge de faire des chirurgies parodontales \u00e0 [&hellip;]<\/p>\n","protected":false},"author":1,"featured_media":972,"parent":429,"menu_order":6,"comment_status":"closed","ping_status":"closed","template":"","meta":{"_genesis_hide_title":false,"_genesis_hide_breadcrumbs":false,"_genesis_hide_singular_image":false,"_genesis_hide_footer_widgets":false,"_genesis_custom_body_class":"","_genesis_custom_post_class":"","_genesis_layout":"","footnotes":""},"class_list":{"0":"post-975","1":"page","2":"type-page","3":"status-publish","4":"has-post-thumbnail","6":"entry"},"_links":{"self":[{"href":"https:\/\/periomontreal.com\/fr\/wp-json\/wp\/v2\/pages\/975","targetHints":{"allow":["GET"]}}],"collection":[{"href":"https:\/\/periomontreal.com\/fr\/wp-json\/wp\/v2\/pages"}],"about":[{"href":"https:\/\/periomontreal.com\/fr\/wp-json\/wp\/v2\/types\/page"}],"author":[{"embeddable":true,"href":"https:\/\/periomontreal.com\/fr\/wp-json\/wp\/v2\/users\/1"}],"replies":[{"embeddable":true,"href":"https:\/\/periomontreal.com\/fr\/wp-json\/wp\/v2\/comments?post=975"}],"version-history":[{"count":2,"href":"https:\/\/periomontreal.com\/fr\/wp-json\/wp\/v2\/pages\/975\/revisions"}],"predecessor-version":[{"id":977,"href":"https:\/\/periomontreal.com\/fr\/wp-json\/wp\/v2\/pages\/975\/revisions\/977"}],"up":[{"embeddable":true,"href":"https:\/\/periomontreal.com\/fr\/wp-json\/wp\/v2\/pages\/429"}],"wp:featuredmedia":[{"embeddable":true,"href":"https:\/\/periomontreal.com\/fr\/wp-json\/wp\/v2\/media\/972"}],"wp:attachment":[{"href":"https:\/\/periomontreal.com\/fr\/wp-json\/wp\/v2\/media?parent=975"}],"curies":[{"name":"wp","href":"https:\/\/api.w.org\/{rel}","templated":true}]}}