{"id":983,"date":"2018-02-07T11:06:27","date_gmt":"2018-02-07T16:06:27","guid":{"rendered":"http:\/\/periomontreal.com\/?page_id=983"},"modified":"2018-02-07T11:06:27","modified_gmt":"2018-02-07T16:06:27","slug":"dre-sandrine-barakat","status":"publish","type":"page","link":"https:\/\/periomontreal.com\/fr\/notre-pratique\/dre-sandrine-barakat\/","title":{"rendered":"Dre Sandrine Barakat"},"content":{"rendered":"<p><a href=\"http:\/\/periomontreal.com\/wp-content\/uploads\/2018\/02\/Perio_Dr-Barakat1.jpg\"><img loading=\"lazy\" decoding=\"async\" class=\"alignleft size-medium wp-image-980\" src=\"http:\/\/periomontreal.com\/wp-content\/uploads\/2018\/02\/Perio_Dr-Barakat1-274x300.jpg\" alt=\"Dr. Sandrine Barakat\" width=\"274\" height=\"300\" srcset=\"https:\/\/periomontreal.com\/wp-content\/uploads\/2018\/02\/Perio_Dr-Barakat1-274x300.jpg 274w, https:\/\/periomontreal.com\/wp-content\/uploads\/2018\/02\/Perio_Dr-Barakat1-768x840.jpg 768w, https:\/\/periomontreal.com\/wp-content\/uploads\/2018\/02\/Perio_Dr-Barakat1-936x1024.jpg 936w, https:\/\/periomontreal.com\/wp-content\/uploads\/2018\/02\/Perio_Dr-Barakat1.jpg 1394w\" sizes=\"auto, (max-width: 274px) 100vw, 274px\" \/><\/a>Dre Sandrine Barakat, une coll\u00e8gue du Coll\u00e8ge royal des chirurgiens dentistes du Canada et dipl\u00f4m\u00e9e de l&rsquo;American Board of Periodontology. Dr Barakat a compl\u00e9t\u00e9 son Doctorat en m\u00e9decine dentaire \u00e0 l&rsquo;Universit\u00e9 de Montr\u00e9al en 2009. Elle a ensuite poursuivi ses \u00e9tudes postuniversitaires en p\u00e9riodontie \u00e0 University of Pennsylvania et a gradu\u00e9 en 2012, en plus de compl\u00e9ter une maitrise en sciences en biologie buccodentaire. Par la suite, elle a travaill\u00e9 dans un cabinet priv\u00e9 de Philadelphie jusqu&rsquo;en 2015, tout en enseignant au d\u00e9partement de p\u00e9riodontie de University of Pennsylvania. Elle est aujourd\u2019hui un \u00e9l\u00e9ment important de Perio Montreal et nous sommes tr\u00e8s heureux de travailler \u00e0 ses c\u00f4t\u00e9s, autant personnellement que professionnellement.<\/p>\n<p>&nbsp;<\/p>\n","protected":false},"excerpt":{"rendered":"<p>Dre Sandrine Barakat, une coll\u00e8gue du Coll\u00e8ge royal des chirurgiens dentistes du Canada et dipl\u00f4m\u00e9e de l&rsquo;American Board of Periodontology. Dr Barakat a compl\u00e9t\u00e9 son Doctorat en m\u00e9decine dentaire \u00e0 l&rsquo;Universit\u00e9 de Montr\u00e9al en 2009. Elle a ensuite poursuivi ses \u00e9tudes postuniversitaires en p\u00e9riodontie \u00e0 University of Pennsylvania et a gradu\u00e9 en 2012, en plus [&hellip;]<\/p>\n","protected":false},"author":1,"featured_media":980,"parent":429,"menu_order":7,"comment_status":"closed","ping_status":"closed","template":"","meta":{"_genesis_hide_title":false,"_genesis_hide_breadcrumbs":false,"_genesis_hide_singular_image":false,"_genesis_hide_footer_widgets":false,"_genesis_custom_body_class":"","_genesis_custom_post_class":"","_genesis_layout":"","footnotes":""},"class_list":{"0":"post-983","1":"page","2":"type-page","3":"status-publish","4":"has-post-thumbnail","6":"entry"},"_links":{"self":[{"href":"https:\/\/periomontreal.com\/fr\/wp-json\/wp\/v2\/pages\/983","targetHints":{"allow":["GET"]}}],"collection":[{"href":"https:\/\/periomontreal.com\/fr\/wp-json\/wp\/v2\/pages"}],"about":[{"href":"https:\/\/periomontreal.com\/fr\/wp-json\/wp\/v2\/types\/page"}],"author":[{"embeddable":true,"href":"https:\/\/periomontreal.com\/fr\/wp-json\/wp\/v2\/users\/1"}],"replies":[{"embeddable":true,"href":"https:\/\/periomontreal.com\/fr\/wp-json\/wp\/v2\/comments?post=983"}],"version-history":[{"count":1,"href":"https:\/\/periomontreal.com\/fr\/wp-json\/wp\/v2\/pages\/983\/revisions"}],"predecessor-version":[{"id":985,"href":"https:\/\/periomontreal.com\/fr\/wp-json\/wp\/v2\/pages\/983\/revisions\/985"}],"up":[{"embeddable":true,"href":"https:\/\/periomontreal.com\/fr\/wp-json\/wp\/v2\/pages\/429"}],"wp:featuredmedia":[{"embeddable":true,"href":"https:\/\/periomontreal.com\/fr\/wp-json\/wp\/v2\/media\/980"}],"wp:attachment":[{"href":"https:\/\/periomontreal.com\/fr\/wp-json\/wp\/v2\/media?parent=983"}],"curies":[{"name":"wp","href":"https:\/\/api.w.org\/{rel}","templated":true}]}}